{"id":5465,"date":"2025-09-03T14:54:01","date_gmt":"2025-09-03T11:54:01","guid":{"rendered":"https:\/\/shalom-law.co.il\/domaines-du-cabinet\/"},"modified":"2025-12-19T21:19:46","modified_gmt":"2025-12-19T19:19:46","slug":"domaines-du-cabinet","status":"publish","type":"page","link":"https:\/\/shalom-law.co.il\/fr\/domaines-du-cabinet\/","title":{"rendered":"Services"},"content":{"rendered":"\t\t<div data-elementor-type=\"wp-page\" data-elementor-id=\"5465\" class=\"elementor elementor-5465 elementor-18\" data-elementor-post-type=\"page\">\n\t\t\t\t<div class=\"elementor-element elementor-element-470aaca e-con-full e-flex e-con e-parent\" data-id=\"470aaca\" data-element_type=\"container\" data-e-type=\"container\" data-settings=\"{&quot;background_background&quot;:&quot;classic&quot;}\">\n\t\t\t\t<div class=\"elementor-element elementor-element-1cfbe4a elementor-widget elementor-widget-heading\" data-id=\"1cfbe4a\" data-element_type=\"widget\" data-e-type=\"widget\" data-widget_type=\"heading.default\">\n\t\t\t\t\t<h2 class=\"elementor-heading-title elementor-size-default\">Services<\/h2>\t\t\t\t<\/div>\n\t\t\t\t<\/div>\n\t\t<div class=\"elementor-element elementor-element-38cf898 e-con-full e-flex e-con e-parent\" data-id=\"38cf898\" data-element_type=\"container\" data-e-type=\"container\" data-settings=\"{&quot;background_background&quot;:&quot;classic&quot;}\">\n\t\t<div class=\"elementor-element elementor-element-38ebc71 e-grid e-con-full e-con e-child\" data-id=\"38ebc71\" data-element_type=\"container\" data-e-type=\"container\">\n\t\t<div class=\"elementor-element elementor-element-07c8b57 e-con-full e-flex e-con e-child\" data-id=\"07c8b57\" data-element_type=\"container\" data-e-type=\"container\" data-settings=\"{&quot;background_background&quot;:&quot;classic&quot;}\">\n\t\t\t\t<div class=\"elementor-element elementor-element-9deca14 elementor-widget elementor-widget-heading\" data-id=\"9deca14\" data-element_type=\"widget\" data-e-type=\"widget\" data-widget_type=\"heading.default\">\n\t\t\t\t\t<h3 class=\"elementor-heading-title elementor-size-default\"><a href=\"https:\/\/shalom-law.co.il\/fr\/avocat-specialise-en-renovation-urbaine\/\">Avocat sp\u00e9cialis\u00e9 en r\u00e9novation urbaine<\/a><\/h3>\t\t\t\t<\/div>\n\t\t\t\t<div class=\"elementor-element elementor-element-982c300 elementor-widget elementor-widget-text-editor\" data-id=\"982c300\" data-element_type=\"widget\" data-e-type=\"widget\" data-widget_type=\"text-editor.default\">\n\t\t\t\t\t\t\t\t\t<p>D\u00e9molition-reconstruction \u2013 une v\u00e9ritable opportunit\u00e9 d\u2019am\u00e9liorer votre cadre de vie, avec Ma\u00eetre Shay Shalom.<\/p>\t\t\t\t\t\t\t\t<\/div>\n\t\t\t\t<div class=\"elementor-element elementor-element-e5be51c elementor-align-center spin-btn elementor-widget elementor-widget-button\" data-id=\"e5be51c\" data-element_type=\"widget\" data-e-type=\"widget\" data-widget_type=\"button.default\">\n\t\t\t\t\t\t\t\t\t\t<a class=\"elementor-button elementor-button-link elementor-size-sm elementor-animation-shrink\" href=\"https:\/\/shalom-law.co.il\/fr\/avocat-specialise-en-renovation-urbaine\/\">\n\t\t\t\t\t\t<span class=\"elementor-button-content-wrapper\">\n\t\t\t\t\t\t<span class=\"elementor-button-icon\">\n\t\t\t\t<svg xmlns=\"http:\/\/www.w3.org\/2000\/svg\" width=\"21\" height=\"21\" viewBox=\"0 0 21 21\" fill=\"none\"><path d=\"M15.7208 5.57221L5.17444 4.9884L5.37236 15.549\" stroke=\"white\" stroke-width=\"1.5\" stroke-linecap=\"round\"><\/path><path d=\"M14.3778 15.6144C14.6653 15.9126 15.1401 15.9213 15.4383 15.6338C15.7365 15.3463 15.7451 14.8715 15.4577 14.5733L14.9177 15.0938L14.3778 15.6144ZM5.54492 5.37193L5.00499 5.89248L14.3778 15.6144L14.9177 15.0938L15.4577 14.5733L6.08486 4.85139L5.54492 5.37193Z\" fill=\"white\"><\/path><\/svg>\t\t\t<\/span>\n\t\t\t\t\t\t\t\t\t<span class=\"elementor-button-text\">Pour en savoir plus<\/span>\n\t\t\t\t\t<\/span>\n\t\t\t\t\t<\/a>\n\t\t\t\t\t\t\t\t<\/div>\n\t\t\t\t<\/div>\n\t\t<div class=\"elementor-element elementor-element-ce55736 e-con-full e-flex e-con e-child\" data-id=\"ce55736\" data-element_type=\"container\" data-e-type=\"container\" data-settings=\"{&quot;background_background&quot;:&quot;classic&quot;}\">\n\t\t\t\t<div class=\"elementor-element elementor-element-8882ef4 elementor-widget elementor-widget-heading\" data-id=\"8882ef4\" data-element_type=\"widget\" data-e-type=\"widget\" data-widget_type=\"heading.default\">\n\t\t\t\t\t<h3 class=\"elementor-heading-title elementor-size-default\"><a href=\"https:\/\/shalom-law.co.il\/fr\/avocat-en-immobilier\/\">Avocat en immobilier<\/a><\/h3>\t\t\t\t<\/div>\n\t\t\t\t<div class=\"elementor-element elementor-element-28f1ccd elementor-widget elementor-widget-text-editor\" data-id=\"28f1ccd\" data-element_type=\"widget\" data-e-type=\"widget\" data-widget_type=\"text-editor.default\">\n\t\t\t\t\t\t\t\t\t<p>Gardez le contr\u00f4le de votre vie m\u00eame lorsque vous n&rsquo;\u00eates plus en mesure de d\u00e9cider par vous-m\u00eame<\/p>\t\t\t\t\t\t\t\t<\/div>\n\t\t\t\t<div class=\"elementor-element elementor-element-53c48be elementor-align-center spin-btn elementor-widget elementor-widget-button\" data-id=\"53c48be\" data-element_type=\"widget\" data-e-type=\"widget\" data-widget_type=\"button.default\">\n\t\t\t\t\t\t\t\t\t\t<a class=\"elementor-button elementor-button-link elementor-size-sm elementor-animation-shrink\" href=\"https:\/\/shalom-law.co.il\/fr\/avocat-en-immobilier\/\">\n\t\t\t\t\t\t<span class=\"elementor-button-content-wrapper\">\n\t\t\t\t\t\t<span class=\"elementor-button-icon\">\n\t\t\t\t<svg xmlns=\"http:\/\/www.w3.org\/2000\/svg\" width=\"21\" height=\"21\" viewBox=\"0 0 21 21\" fill=\"none\"><path d=\"M15.7208 5.57221L5.17444 4.9884L5.37236 15.549\" stroke=\"white\" stroke-width=\"1.5\" stroke-linecap=\"round\"><\/path><path d=\"M14.3778 15.6144C14.6653 15.9126 15.1401 15.9213 15.4383 15.6338C15.7365 15.3463 15.7451 14.8715 15.4577 14.5733L14.9177 15.0938L14.3778 15.6144ZM5.54492 5.37193L5.00499 5.89248L14.3778 15.6144L14.9177 15.0938L15.4577 14.5733L6.08486 4.85139L5.54492 5.37193Z\" fill=\"white\"><\/path><\/svg>\t\t\t<\/span>\n\t\t\t\t\t\t\t\t\t<span class=\"elementor-button-text\">Pour en savoir plus<\/span>\n\t\t\t\t\t<\/span>\n\t\t\t\t\t<\/a>\n\t\t\t\t\t\t\t\t<\/div>\n\t\t\t\t<\/div>\n\t\t<div class=\"elementor-element elementor-element-cf544d6 e-con-full e-flex e-con e-child\" data-id=\"cf544d6\" data-element_type=\"container\" data-e-type=\"container\" data-settings=\"{&quot;background_background&quot;:&quot;classic&quot;}\">\n\t\t\t\t<div class=\"elementor-element elementor-element-7e7033c elementor-widget elementor-widget-heading\" data-id=\"7e7033c\" data-element_type=\"widget\" data-e-type=\"widget\" data-widget_type=\"heading.default\">\n\t\t\t\t\t<h3 class=\"elementor-heading-title elementor-size-default\"><a href=\"https:\/\/shalom-law.co.il\/fr\/nouveau-notaire\/\">Notaire<\/a><\/h3>\t\t\t\t<\/div>\n\t\t\t\t<div class=\"elementor-element elementor-element-fa96e49 elementor-widget elementor-widget-text-editor\" data-id=\"fa96e49\" data-element_type=\"widget\" data-e-type=\"widget\" data-widget_type=\"text-editor.default\">\n\t\t\t\t\t\t\t\t\t<p>Notaire \u2013 Une s\u00e9curit\u00e9 juridique compl\u00e8te pour les documents importants de votre vie<\/p>\t\t\t\t\t\t\t\t<\/div>\n\t\t\t\t<div class=\"elementor-element elementor-element-6847b7d elementor-align-center spin-btn elementor-widget elementor-widget-button\" data-id=\"6847b7d\" data-element_type=\"widget\" data-e-type=\"widget\" data-widget_type=\"button.default\">\n\t\t\t\t\t\t\t\t\t\t<a class=\"elementor-button elementor-button-link elementor-size-sm elementor-animation-shrink\" href=\"https:\/\/shalom-law.co.il\/fr\/nouveau-notaire\/\">\n\t\t\t\t\t\t<span class=\"elementor-button-content-wrapper\">\n\t\t\t\t\t\t<span class=\"elementor-button-icon\">\n\t\t\t\t<svg xmlns=\"http:\/\/www.w3.org\/2000\/svg\" width=\"21\" height=\"21\" viewBox=\"0 0 21 21\" fill=\"none\"><path d=\"M15.7208 5.57221L5.17444 4.9884L5.37236 15.549\" stroke=\"white\" stroke-width=\"1.5\" stroke-linecap=\"round\"><\/path><path d=\"M14.3778 15.6144C14.6653 15.9126 15.1401 15.9213 15.4383 15.6338C15.7365 15.3463 15.7451 14.8715 15.4577 14.5733L14.9177 15.0938L14.3778 15.6144ZM5.54492 5.37193L5.00499 5.89248L14.3778 15.6144L14.9177 15.0938L15.4577 14.5733L6.08486 4.85139L5.54492 5.37193Z\" fill=\"white\"><\/path><\/svg>\t\t\t<\/span>\n\t\t\t\t\t\t\t\t\t<span class=\"elementor-button-text\">Pour en savoir plus<\/span>\n\t\t\t\t\t<\/span>\n\t\t\t\t\t<\/a>\n\t\t\t\t\t\t\t\t<\/div>\n\t\t\t\t<\/div>\n\t\t<div class=\"elementor-element elementor-element-5e8ec39 e-con-full e-flex e-con e-child\" data-id=\"5e8ec39\" data-element_type=\"container\" data-e-type=\"container\" data-settings=\"{&quot;background_background&quot;:&quot;classic&quot;}\">\n\t\t\t\t<div class=\"elementor-element elementor-element-7a0b009 elementor-widget elementor-widget-heading\" data-id=\"7a0b009\" data-element_type=\"widget\" data-e-type=\"widget\" data-widget_type=\"heading.default\">\n\t\t\t\t\t<h3 class=\"elementor-heading-title elementor-size-default\"><a href=\"https:\/\/shalom-law.co.il\/fr\/avocat-specialise-en-mandat-de-protection-future\/\">Avocat en mandat de protection future\n<\/a><\/h3>\t\t\t\t<\/div>\n\t\t\t\t<div class=\"elementor-element elementor-element-2e21901 elementor-widget elementor-widget-text-editor\" data-id=\"2e21901\" data-element_type=\"widget\" data-e-type=\"widget\" data-widget_type=\"text-editor.default\">\n\t\t\t\t\t\t\t\t\t<p>Gardez le contr\u00f4le de votre vie m\u00eame lorsque vous n&rsquo;\u00eates plus en mesure de d\u00e9cider par vous-m\u00eame<\/p>\t\t\t\t\t\t\t\t<\/div>\n\t\t\t\t<div class=\"elementor-element elementor-element-2ee6c2f elementor-align-center spin-btn elementor-widget elementor-widget-button\" data-id=\"2ee6c2f\" data-element_type=\"widget\" data-e-type=\"widget\" data-widget_type=\"button.default\">\n\t\t\t\t\t\t\t\t\t\t<a class=\"elementor-button elementor-button-link elementor-size-sm elementor-animation-shrink\" href=\"https:\/\/shalom-law.co.il\/fr\/avocat-specialise-en-mandat-de-protection-future\/\">\n\t\t\t\t\t\t<span class=\"elementor-button-content-wrapper\">\n\t\t\t\t\t\t<span class=\"elementor-button-icon\">\n\t\t\t\t<svg xmlns=\"http:\/\/www.w3.org\/2000\/svg\" width=\"21\" height=\"21\" viewBox=\"0 0 21 21\" fill=\"none\"><path d=\"M15.7208 5.57221L5.17444 4.9884L5.37236 15.549\" stroke=\"white\" stroke-width=\"1.5\" stroke-linecap=\"round\"><\/path><path d=\"M14.3778 15.6144C14.6653 15.9126 15.1401 15.9213 15.4383 15.6338C15.7365 15.3463 15.7451 14.8715 15.4577 14.5733L14.9177 15.0938L14.3778 15.6144ZM5.54492 5.37193L5.00499 5.89248L14.3778 15.6144L14.9177 15.0938L15.4577 14.5733L6.08486 4.85139L5.54492 5.37193Z\" fill=\"white\"><\/path><\/svg>\t\t\t<\/span>\n\t\t\t\t\t\t\t\t\t<span class=\"elementor-button-text\">Pour en savoir plus<\/span>\n\t\t\t\t\t<\/span>\n\t\t\t\t\t<\/a>\n\t\t\t\t\t\t\t\t<\/div>\n\t\t\t\t<\/div>\n\t\t\t\t<\/div>\n\t\t\t\t<\/div>\n\t\t\t\t<\/div>\n\t\t","protected":false},"excerpt":{"rendered":"<p>Services Avocat sp\u00e9cialis\u00e9 en r\u00e9novation urbaine D\u00e9molition-reconstruction \u2013 une v\u00e9ritable opportunit\u00e9 d\u2019am\u00e9liorer votre cadre de vie, avec Ma\u00eetre Shay Shalom. Pour en savoir plus Avocat en immobilier Gardez le contr\u00f4le de votre vie m\u00eame lorsque vous n&rsquo;\u00eates plus en mesure de d\u00e9cider par vous-m\u00eame Pour en savoir plus Notaire Notaire \u2013 Une s\u00e9curit\u00e9 juridique compl\u00e8te [&hellip;]<\/p>\n","protected":false},"author":1,"featured_media":0,"parent":0,"menu_order":0,"comment_status":"closed","ping_status":"closed","template":"elementor_header_footer","meta":{"footnotes":""},"class_list":["post-5465","page","type-page","status-publish","hentry"],"yoast_head":"<!-- This site is optimized with the Yoast SEO plugin v27.3 - https:\/\/yoast.com\/product\/yoast-seo-wordpress\/ -->\n<title>Domaines d&#039;expertise du cabinet - Avocat Shi Shalom Muchacha en r\u00e9novation urbaine<\/title>\n<meta name=\"description\" content=\"Ma\u00eetre Shi Shalom est sp\u00e9cialis\u00e9 en r\u00e9novation urbaine \u2013 accompagnement juridique dans les projets de d\u00e9molition-reconstruction et TAMA 38, conseil et protection compl\u00e8te des droits des r\u00e9sidents.\" \/>\n<meta name=\"robots\" content=\"index, follow, max-snippet:-1, max-image-preview:large, max-video-preview:-1\" \/>\n<link rel=\"canonical\" href=\"https:\/\/shalom-law.co.il\/fr\/domaines-du-cabinet\/\" \/>\n<meta property=\"og:locale\" content=\"fr_FR\" \/>\n<meta property=\"og:type\" content=\"article\" \/>\n<meta property=\"og:title\" content=\"Domaines d&#039;expertise du cabinet - Avocat Shi Shalom Muchacha en r\u00e9novation urbaine\" \/>\n<meta property=\"og:description\" content=\"Ma\u00eetre Shi Shalom est sp\u00e9cialis\u00e9 en r\u00e9novation urbaine \u2013 accompagnement juridique dans les projets de d\u00e9molition-reconstruction et TAMA 38, conseil et protection compl\u00e8te des droits des r\u00e9sidents.\" \/>\n<meta property=\"og:url\" content=\"https:\/\/shalom-law.co.il\/fr\/domaines-du-cabinet\/\" \/>\n<meta property=\"og:site_name\" content=\"\u05e2\u05d5\u2019\u2019\u05d3 \u05e9\u05d9 \u05e9\u05dc\u05d5\u05dd \u05de\u05d5\u05de\u05d7\u05d4 \u05d1\u05d4\u05ea\u05d7\u05d3\u05e9\u05d5\u05ea \u05e2\u05d9\u05e8\u05d5\u05e0\u05d9\u05ea\" \/>\n<meta property=\"article:modified_time\" content=\"2025-12-19T19:19:46+00:00\" \/>\n<meta name=\"twitter:card\" content=\"summary_large_image\" \/>\n<meta name=\"twitter:title\" content=\"Domaines d&#039;expertise du cabinet - Avocat Shi Shalom Muchacha en r\u00e9novation urbaine\" \/>\n<meta name=\"twitter:description\" content=\"Ma\u00eetre Shi Shalom est sp\u00e9cialis\u00e9 en r\u00e9novation urbaine \u2013 accompagnement juridique dans les projets de d\u00e9molition-reconstruction et TAMA 38, conseil et protection compl\u00e8te des droits des r\u00e9sidents.\" \/>\n<meta name=\"twitter:label1\" content=\"Dur\u00e9e de lecture estim\u00e9e\" \/>\n\t<meta name=\"twitter:data1\" content=\"1 minute\" \/>\n<script type=\"application\/ld+json\" class=\"yoast-schema-graph\">{\"@context\":\"https:\\\/\\\/schema.org\",\"@graph\":[{\"@type\":\"WebPage\",\"@id\":\"https:\\\/\\\/shalom-law.co.il\\\/fr\\\/domaines-du-cabinet\\\/\",\"url\":\"https:\\\/\\\/shalom-law.co.il\\\/fr\\\/domaines-du-cabinet\\\/\",\"name\":\"Domaines d'expertise du cabinet - Avocat Shi Shalom Muchacha en r\u00e9novation urbaine\",\"isPartOf\":{\"@id\":\"https:\\\/\\\/shalom-law.co.il\\\/fr\\\/#website\"},\"datePublished\":\"2025-09-03T11:54:01+00:00\",\"dateModified\":\"2025-12-19T19:19:46+00:00\",\"description\":\"Ma\u00eetre Shi Shalom est sp\u00e9cialis\u00e9 en r\u00e9novation urbaine \u2013 accompagnement juridique dans les projets de d\u00e9molition-reconstruction et TAMA 38, conseil et protection compl\u00e8te des droits des r\u00e9sidents.\",\"breadcrumb\":{\"@id\":\"https:\\\/\\\/shalom-law.co.il\\\/fr\\\/domaines-du-cabinet\\\/#breadcrumb\"},\"inLanguage\":\"fr-FR\",\"potentialAction\":[{\"@type\":\"ReadAction\",\"target\":[\"https:\\\/\\\/shalom-law.co.il\\\/fr\\\/domaines-du-cabinet\\\/\"]}]},{\"@type\":\"BreadcrumbList\",\"@id\":\"https:\\\/\\\/shalom-law.co.il\\\/fr\\\/domaines-du-cabinet\\\/#breadcrumb\",\"itemListElement\":[{\"@type\":\"ListItem\",\"position\":1,\"name\":\"\u05d3\u05e3 \u05d4\u05d1\u05d9\u05ea\",\"item\":\"https:\\\/\\\/shalom-law.co.il\\\/fr\\\/\"},{\"@type\":\"ListItem\",\"position\":2,\"name\":\"Services\"}]},{\"@type\":\"WebSite\",\"@id\":\"https:\\\/\\\/shalom-law.co.il\\\/fr\\\/#website\",\"url\":\"https:\\\/\\\/shalom-law.co.il\\\/fr\\\/\",\"name\":\"\u05e2\u05d5\u2019\u2019\u05d3 \u05e9\u05d9 \u05e9\u05dc\u05d5\u05dd \u05de\u05d5\u05de\u05d7\u05d4 \u05d1\u05d4\u05ea\u05d7\u05d3\u05e9\u05d5\u05ea \u05e2\u05d9\u05e8\u05d5\u05e0\u05d9\u05ea\",\"description\":\"\",\"publisher\":{\"@id\":\"https:\\\/\\\/shalom-law.co.il\\\/fr\\\/#organization\"},\"potentialAction\":[{\"@type\":\"SearchAction\",\"target\":{\"@type\":\"EntryPoint\",\"urlTemplate\":\"https:\\\/\\\/shalom-law.co.il\\\/fr\\\/?s={search_term_string}\"},\"query-input\":{\"@type\":\"PropertyValueSpecification\",\"valueRequired\":true,\"valueName\":\"search_term_string\"}}],\"inLanguage\":\"fr-FR\"},{\"@type\":\"Organization\",\"@id\":\"https:\\\/\\\/shalom-law.co.il\\\/fr\\\/#organization\",\"name\":\"\u05e2\u05d5\u2019\u2019\u05d3 \u05e9\u05d9 \u05e9\u05dc\u05d5\u05dd \u05de\u05d5\u05de\u05d7\u05d4 \u05d1\u05d4\u05ea\u05d7\u05d3\u05e9\u05d5\u05ea \u05e2\u05d9\u05e8\u05d5\u05e0\u05d9\u05ea\",\"url\":\"https:\\\/\\\/shalom-law.co.il\\\/fr\\\/\",\"logo\":{\"@type\":\"ImageObject\",\"inLanguage\":\"fr-FR\",\"@id\":\"https:\\\/\\\/shalom-law.co.il\\\/fr\\\/#\\\/schema\\\/logo\\\/image\\\/\",\"url\":\"https:\\\/\\\/shalom-law.co.il\\\/wp-content\\\/uploads\\\/2025\\\/09\\\/logo.svg\",\"contentUrl\":\"https:\\\/\\\/shalom-law.co.il\\\/wp-content\\\/uploads\\\/2025\\\/09\\\/logo.svg\",\"width\":178,\"height\":60,\"caption\":\"\u05e2\u05d5\u2019\u2019\u05d3 \u05e9\u05d9 \u05e9\u05dc\u05d5\u05dd \u05de\u05d5\u05de\u05d7\u05d4 \u05d1\u05d4\u05ea\u05d7\u05d3\u05e9\u05d5\u05ea \u05e2\u05d9\u05e8\u05d5\u05e0\u05d9\u05ea\"},\"image\":{\"@id\":\"https:\\\/\\\/shalom-law.co.il\\\/fr\\\/#\\\/schema\\\/logo\\\/image\\\/\"}}]}<\/script>\n<!-- \/ Yoast SEO plugin. -->","yoast_head_json":{"title":"Domaines d'expertise du cabinet - Avocat Shi Shalom Muchacha en r\u00e9novation urbaine","description":"Ma\u00eetre Shi Shalom est sp\u00e9cialis\u00e9 en r\u00e9novation urbaine \u2013 accompagnement juridique dans les projets de d\u00e9molition-reconstruction et TAMA 38, conseil et protection compl\u00e8te des droits des r\u00e9sidents.","robots":{"index":"index","follow":"follow","max-snippet":"max-snippet:-1","max-image-preview":"max-image-preview:large","max-video-preview":"max-video-preview:-1"},"canonical":"https:\/\/shalom-law.co.il\/fr\/domaines-du-cabinet\/","og_locale":"fr_FR","og_type":"article","og_title":"Domaines d'expertise du cabinet - Avocat Shi Shalom Muchacha en r\u00e9novation urbaine","og_description":"Ma\u00eetre Shi Shalom est sp\u00e9cialis\u00e9 en r\u00e9novation urbaine \u2013 accompagnement juridique dans les projets de d\u00e9molition-reconstruction et TAMA 38, conseil et protection compl\u00e8te des droits des r\u00e9sidents.","og_url":"https:\/\/shalom-law.co.il\/fr\/domaines-du-cabinet\/","og_site_name":"\u05e2\u05d5\u2019\u2019\u05d3 \u05e9\u05d9 \u05e9\u05dc\u05d5\u05dd \u05de\u05d5\u05de\u05d7\u05d4 \u05d1\u05d4\u05ea\u05d7\u05d3\u05e9\u05d5\u05ea \u05e2\u05d9\u05e8\u05d5\u05e0\u05d9\u05ea","article_modified_time":"2025-12-19T19:19:46+00:00","twitter_card":"summary_large_image","twitter_title":"Domaines d'expertise du cabinet - Avocat Shi Shalom Muchacha en r\u00e9novation urbaine","twitter_description":"Ma\u00eetre Shi Shalom est sp\u00e9cialis\u00e9 en r\u00e9novation urbaine \u2013 accompagnement juridique dans les projets de d\u00e9molition-reconstruction et TAMA 38, conseil et protection compl\u00e8te des droits des r\u00e9sidents.","twitter_misc":{"Dur\u00e9e de lecture estim\u00e9e":"1 minute"},"schema":{"@context":"https:\/\/schema.org","@graph":[{"@type":"WebPage","@id":"https:\/\/shalom-law.co.il\/fr\/domaines-du-cabinet\/","url":"https:\/\/shalom-law.co.il\/fr\/domaines-du-cabinet\/","name":"Domaines d'expertise du cabinet - Avocat Shi Shalom Muchacha en r\u00e9novation urbaine","isPartOf":{"@id":"https:\/\/shalom-law.co.il\/fr\/#website"},"datePublished":"2025-09-03T11:54:01+00:00","dateModified":"2025-12-19T19:19:46+00:00","description":"Ma\u00eetre Shi Shalom est sp\u00e9cialis\u00e9 en r\u00e9novation urbaine \u2013 accompagnement juridique dans les projets de d\u00e9molition-reconstruction et TAMA 38, conseil et protection compl\u00e8te des droits des r\u00e9sidents.","breadcrumb":{"@id":"https:\/\/shalom-law.co.il\/fr\/domaines-du-cabinet\/#breadcrumb"},"inLanguage":"fr-FR","potentialAction":[{"@type":"ReadAction","target":["https:\/\/shalom-law.co.il\/fr\/domaines-du-cabinet\/"]}]},{"@type":"BreadcrumbList","@id":"https:\/\/shalom-law.co.il\/fr\/domaines-du-cabinet\/#breadcrumb","itemListElement":[{"@type":"ListItem","position":1,"name":"\u05d3\u05e3 \u05d4\u05d1\u05d9\u05ea","item":"https:\/\/shalom-law.co.il\/fr\/"},{"@type":"ListItem","position":2,"name":"Services"}]},{"@type":"WebSite","@id":"https:\/\/shalom-law.co.il\/fr\/#website","url":"https:\/\/shalom-law.co.il\/fr\/","name":"\u05e2\u05d5\u2019\u2019\u05d3 \u05e9\u05d9 \u05e9\u05dc\u05d5\u05dd \u05de\u05d5\u05de\u05d7\u05d4 \u05d1\u05d4\u05ea\u05d7\u05d3\u05e9\u05d5\u05ea \u05e2\u05d9\u05e8\u05d5\u05e0\u05d9\u05ea","description":"","publisher":{"@id":"https:\/\/shalom-law.co.il\/fr\/#organization"},"potentialAction":[{"@type":"SearchAction","target":{"@type":"EntryPoint","urlTemplate":"https:\/\/shalom-law.co.il\/fr\/?s={search_term_string}"},"query-input":{"@type":"PropertyValueSpecification","valueRequired":true,"valueName":"search_term_string"}}],"inLanguage":"fr-FR"},{"@type":"Organization","@id":"https:\/\/shalom-law.co.il\/fr\/#organization","name":"\u05e2\u05d5\u2019\u2019\u05d3 \u05e9\u05d9 \u05e9\u05dc\u05d5\u05dd \u05de\u05d5\u05de\u05d7\u05d4 \u05d1\u05d4\u05ea\u05d7\u05d3\u05e9\u05d5\u05ea \u05e2\u05d9\u05e8\u05d5\u05e0\u05d9\u05ea","url":"https:\/\/shalom-law.co.il\/fr\/","logo":{"@type":"ImageObject","inLanguage":"fr-FR","@id":"https:\/\/shalom-law.co.il\/fr\/#\/schema\/logo\/image\/","url":"https:\/\/shalom-law.co.il\/wp-content\/uploads\/2025\/09\/logo.svg","contentUrl":"https:\/\/shalom-law.co.il\/wp-content\/uploads\/2025\/09\/logo.svg","width":178,"height":60,"caption":"\u05e2\u05d5\u2019\u2019\u05d3 \u05e9\u05d9 \u05e9\u05dc\u05d5\u05dd \u05de\u05d5\u05de\u05d7\u05d4 \u05d1\u05d4\u05ea\u05d7\u05d3\u05e9\u05d5\u05ea \u05e2\u05d9\u05e8\u05d5\u05e0\u05d9\u05ea"},"image":{"@id":"https:\/\/shalom-law.co.il\/fr\/#\/schema\/logo\/image\/"}}]}},"_links":{"self":[{"href":"https:\/\/shalom-law.co.il\/fr\/wp-json\/wp\/v2\/pages\/5465","targetHints":{"allow":["GET"]}}],"collection":[{"href":"https:\/\/shalom-law.co.il\/fr\/wp-json\/wp\/v2\/pages"}],"about":[{"href":"https:\/\/shalom-law.co.il\/fr\/wp-json\/wp\/v2\/types\/page"}],"author":[{"embeddable":true,"href":"https:\/\/shalom-law.co.il\/fr\/wp-json\/wp\/v2\/users\/1"}],"replies":[{"embeddable":true,"href":"https:\/\/shalom-law.co.il\/fr\/wp-json\/wp\/v2\/comments?post=5465"}],"version-history":[{"count":8,"href":"https:\/\/shalom-law.co.il\/fr\/wp-json\/wp\/v2\/pages\/5465\/revisions"}],"predecessor-version":[{"id":6669,"href":"https:\/\/shalom-law.co.il\/fr\/wp-json\/wp\/v2\/pages\/5465\/revisions\/6669"}],"wp:attachment":[{"href":"https:\/\/shalom-law.co.il\/fr\/wp-json\/wp\/v2\/media?parent=5465"}],"curies":[{"name":"wp","href":"https:\/\/api.w.org\/{rel}","templated":true}]}}