{"id":5511,"date":"2025-09-03T14:54:48","date_gmt":"2025-09-03T11:54:48","guid":{"rendered":"https:\/\/shalom-law.co.il\/projets\/"},"modified":"2025-12-17T11:59:27","modified_gmt":"2025-12-17T09:59:27","slug":"projets","status":"publish","type":"page","link":"https:\/\/shalom-law.co.il\/fr\/projets\/","title":{"rendered":"Projets"},"content":{"rendered":"\t\t<div data-elementor-type=\"wp-page\" data-elementor-id=\"5511\" class=\"elementor elementor-5511 elementor-20\" data-elementor-post-type=\"page\">\n\t\t\t\t<div class=\"elementor-element elementor-element-e58689f e-con-full e-flex e-con e-parent\" data-id=\"e58689f\" data-element_type=\"container\" data-e-type=\"container\" data-settings=\"{&quot;background_background&quot;:&quot;classic&quot;}\">\n\t\t\t\t<\/div>\n\t\t<div class=\"elementor-element elementor-element-8fa4969 e-con-full e-flex e-con e-parent\" data-id=\"8fa4969\" data-element_type=\"container\" data-e-type=\"container\">\n\t\t\t\t<div class=\"elementor-element elementor-element-64fbab6 elementor-widget__width-initial elementor-cta--skin-classic elementor-animated-content elementor-bg-transform elementor-bg-transform-zoom-in elementor-widget elementor-widget-call-to-action\" data-id=\"64fbab6\" data-element_type=\"widget\" data-e-type=\"widget\" data-widget_type=\"call-to-action.default\">\n\t\t\t\t\t\t\t<div class=\"elementor-cta\">\n\t\t\t\t\t<div class=\"elementor-cta__bg-wrapper\">\n\t\t\t\t<div class=\"elementor-cta__bg elementor-bg\" style=\"background-image: url(https:\/\/shalom-law.co.il\/wp-content\/uploads\/2025\/11\/\u05e8\u05d7-\u05d4\u05d7\u05d9\u05dc-\u05d7\u05e4\u05e5-\u05d7\u05d9\u05d9\u05dd-\u05e8\u05e2\u05e0\u05e0\u05d4-\u05e1\u05d8\u05d8\u05d5\u05e1-\u05ea\u05db\u05e0\u05d5\u05df-copy-1024x1024.webp);\" role=\"img\" aria-label=\"Projet Rue Ha&#039;Hayil - Hefetz Haim - Ra&#039;anana Statut de la planification\"><\/div>\n\t\t\t\t<div class=\"elementor-cta__bg-overlay\"><\/div>\n\t\t\t<\/div>\n\t\t\t\t\t\t\t<div class=\"elementor-cta__content\">\n\t\t\t\t\n\t\t\t\t\t\t\t\t\t<h2 class=\"elementor-cta__title elementor-cta__content-item elementor-content-item\">\n\t\t\t\t\t\tRue Ha'Hayil Hefetz Haim\t\t\t\t\t<\/h2>\n\t\t\t\t\n\t\t\t\t\t\t\t\t\t<div class=\"elementor-cta__description elementor-cta__content-item elementor-content-item\">\n\t\t\t\t\t\tRaanana, projet de r\u00e9novation urbaine, statut : planification \t\t\t\t\t<\/div>\n\t\t\t\t\n\t\t\t\t\t\t\t<\/div>\n\t\t\t\t\t\t<\/div>\n\t\t\t\t\t\t<\/div>\n\t\t\t\t<div class=\"elementor-element elementor-element-3cf33d8 elementor-widget__width-initial elementor-cta--skin-classic elementor-animated-content elementor-bg-transform elementor-bg-transform-zoom-in elementor-widget elementor-widget-call-to-action\" data-id=\"3cf33d8\" data-element_type=\"widget\" data-e-type=\"widget\" data-widget_type=\"call-to-action.default\">\n\t\t\t\t\t\t\t<div class=\"elementor-cta\">\n\t\t\t\t\t<div class=\"elementor-cta__bg-wrapper\">\n\t\t\t\t<div class=\"elementor-cta__bg elementor-bg\" style=\"background-image: url(https:\/\/shalom-law.co.il\/wp-content\/uploads\/2025\/11\/\u05d4\u05d3\u05de\u05d9\u05d5\u05ea-\u05d1\u05e4\u05e8\u05d5-\u05e8\u05d7-\u05de\u05d1\u05e6\u05e2-\u05d9\u05d5\u05e0\u05ea\u05df-\u05db\u05e4\u05e8-\u05e1\u05d1\u05d0-\u05e1\u05d8\u05d8\u05d5\u05e1-\u05d7\u05ea\u05de\u05d5-\u05e8\u05d5\u05d1-\u05e7\u05d5\u05d1\u05e2.-\u05d4\u05d2\u05e9\u05ea-\u05ea\u05d1\u05e2-copy-1024x1024.webp);\" role=\"img\" aria-label=\"Projet de renouvellement urbain\"><\/div>\n\t\t\t\t<div class=\"elementor-cta__bg-overlay\"><\/div>\n\t\t\t<\/div>\n\t\t\t\t\t\t\t<div class=\"elementor-cta__content\">\n\t\t\t\t\n\t\t\t\t\t\t\t\t\t<h2 class=\"elementor-cta__title elementor-cta__content-item elementor-content-item\">\n\t\t\t\t\t\tRue Op\u00e9ration Jonathan \t\t\t\t\t<\/h2>\n\t\t\t\t\n\t\t\t\t\t\t\t\t\t<div class=\"elementor-cta__description elementor-cta__content-item elementor-content-item\">\n\t\t\t\t\t\tKfar Saba, projet d'\u00e9vacuation-reconstruction,\n statut&nbsp;: d\u00e9p\u00f4t du plan directeur \t\t\t\t\t<\/div>\n\t\t\t\t\n\t\t\t\t\t\t\t<\/div>\n\t\t\t\t\t\t<\/div>\n\t\t\t\t\t\t<\/div>\n\t\t\t\t<div class=\"elementor-element elementor-element-044edf7 elementor-widget__width-initial elementor-cta--skin-classic elementor-animated-content elementor-bg-transform elementor-bg-transform-zoom-in elementor-widget elementor-widget-call-to-action\" data-id=\"044edf7\" data-element_type=\"widget\" data-e-type=\"widget\" data-widget_type=\"call-to-action.default\">\n\t\t\t\t\t\t\t<div class=\"elementor-cta\">\n\t\t\t\t\t<div class=\"elementor-cta__bg-wrapper\">\n\t\t\t\t<div class=\"elementor-cta__bg elementor-bg\" style=\"background-image: url(https:\/\/shalom-law.co.il\/wp-content\/uploads\/2025\/11\/\u05d9\u05e1\u05d5\u05d3-\u05d4\u05de\u05e2\u05dc\u05d4-17-20.-\u05d4\u05d5\u05d3-\u05d4\u05e9\u05d5\u05df.-\u05e1\u05d8\u05d5\u05d8\u05d5\u05e1.-\u05d4\u05d2\u05e9\u05ea-\u05ea\u05d1\u05e2-1024x1024.webp);\" role=\"img\" aria-label=\"Projet Yessod HaMa&#039;ala 17-20. Hod HaSharon. Statut. D\u00e9p\u00f4t du plan directeur\"><\/div>\n\t\t\t\t<div class=\"elementor-cta__bg-overlay\"><\/div>\n\t\t\t<\/div>\n\t\t\t\t\t\t\t<div class=\"elementor-cta__content\">\n\t\t\t\t\n\t\t\t\t\t\t\t\t\t<h2 class=\"elementor-cta__title elementor-cta__content-item elementor-content-item\">\n\t\t\t\t\t\tYessod HaMa'ala 17-20\t\t\t\t\t<\/h2>\n\t\t\t\t\n\t\t\t\t\t\t\t\t\t<div class=\"elementor-cta__description elementor-cta__content-item elementor-content-item\">\n\t\t\t\t\t\tHod HaSharon, projet d'\u00e9vacuation-reconstruction, statut&nbsp;: d\u00e9p\u00f4t du plan directeur\n\t\t\t\t\t<\/div>\n\t\t\t\t\n\t\t\t\t\t\t\t<\/div>\n\t\t\t\t\t\t<\/div>\n\t\t\t\t\t\t<\/div>\n\t\t\t\t<\/div>\n\t\t<div class=\"elementor-element elementor-element-7a93fed e-con-full e-flex e-con e-parent\" data-id=\"7a93fed\" data-element_type=\"container\" data-e-type=\"container\">\n\t\t\t\t<div class=\"elementor-element elementor-element-241a226 elementor-widget__width-initial elementor-cta--skin-classic elementor-animated-content elementor-bg-transform elementor-bg-transform-zoom-in elementor-widget elementor-widget-call-to-action\" data-id=\"241a226\" data-element_type=\"widget\" data-e-type=\"widget\" data-widget_type=\"call-to-action.default\">\n\t\t\t\t\t\t\t<div class=\"elementor-cta\">\n\t\t\t\t\t<div class=\"elementor-cta__bg-wrapper\">\n\t\t\t\t<div class=\"elementor-cta__bg elementor-bg\" style=\"background-image: url(https:\/\/shalom-law.co.il\/wp-content\/uploads\/2025\/11\/\u05d0\u05e0\u05d9\u05dc\u05d1\u05d9\u05e5-1-3-\u05e8\u05e2\u05e0\u05e0\u05d4-\u05ea\u05de\u05d0-38-1-\u05d0\u05d9\u05db\u05dc\u05d5\u05e1-copy-1024x1024.webp);\" role=\"img\" aria-label=\"Projet Anielewicz 1-3 Ra&#039;anana Tama 38-1 Occupation\"><\/div>\n\t\t\t\t<div class=\"elementor-cta__bg-overlay\"><\/div>\n\t\t\t<\/div>\n\t\t\t\t\t\t\t<div class=\"elementor-cta__content\">\n\t\t\t\t\n\t\t\t\t\t\t\t\t\t<h2 class=\"elementor-cta__title elementor-cta__content-item elementor-content-item\">\n\t\t\t\t\t\tRue Anielewicz 1-3 \t\t\t\t\t<\/h2>\n\t\t\t\t\n\t\t\t\t\t\t\t\t\t<div class=\"elementor-cta__description elementor-cta__content-item elementor-content-item\">\n\t\t\t\t\t\tRaanana, NOP 38\/1, statut : occupation\t\t\t\t\t<\/div>\n\t\t\t\t\n\t\t\t\t\t\t\t<\/div>\n\t\t\t\t\t\t<\/div>\n\t\t\t\t\t\t<\/div>\n\t\t\t\t<div class=\"elementor-element elementor-element-22973ed elementor-widget__width-initial elementor-cta--skin-classic elementor-animated-content elementor-bg-transform elementor-bg-transform-zoom-in elementor-widget elementor-widget-call-to-action\" data-id=\"22973ed\" data-element_type=\"widget\" data-e-type=\"widget\" data-widget_type=\"call-to-action.default\">\n\t\t\t\t\t\t\t<div class=\"elementor-cta\">\n\t\t\t\t\t<div class=\"elementor-cta__bg-wrapper\">\n\t\t\t\t<div class=\"elementor-cta__bg elementor-bg\" style=\"background-image: url(https:\/\/shalom-law.co.il\/wp-content\/uploads\/2025\/11\/\u05d0\u05e8\u05dc\u05d5\u05d6\u05d5\u05e8\u05d5\u05d1-16-\u05e8\u05e2\u05e0\u05e0\u05d4-\u05ea\u05de\u05d0-39-2.-\u05d0\u05d7\u05dc\u05d5\u05e1-copy-1024x1024.webp);\" role=\"img\" aria-label=\"Projet Arlozorov 16 Ra&#039;anana Tama 39-2. Occupation\"><\/div>\n\t\t\t\t<div class=\"elementor-cta__bg-overlay\"><\/div>\n\t\t\t<\/div>\n\t\t\t\t\t\t\t<div class=\"elementor-cta__content\">\n\t\t\t\t\n\t\t\t\t\t\t\t\t\t<h2 class=\"elementor-cta__title elementor-cta__content-item elementor-content-item\">\n\t\t\t\t\t\tRue Arlozorov 16 \t\t\t\t\t<\/h2>\n\t\t\t\t\n\t\t\t\t\t\t\t\t\t<div class=\"elementor-cta__description elementor-cta__content-item elementor-content-item\">\n\t\t\t\t\t\tRaanana, NOP 38\/2, statut : occupation\n\t\t\t\t\t<\/div>\n\t\t\t\t\n\t\t\t\t\t\t\t<\/div>\n\t\t\t\t\t\t<\/div>\n\t\t\t\t\t\t<\/div>\n\t\t\t\t<div class=\"elementor-element elementor-element-c39a180 elementor-widget__width-initial elementor-cta--skin-classic elementor-animated-content elementor-bg-transform elementor-bg-transform-zoom-in elementor-widget elementor-widget-call-to-action\" data-id=\"c39a180\" data-element_type=\"widget\" data-e-type=\"widget\" data-widget_type=\"call-to-action.default\">\n\t\t\t\t\t\t\t<div class=\"elementor-cta\">\n\t\t\t\t\t<div class=\"elementor-cta__bg-wrapper\">\n\t\t\t\t<div class=\"elementor-cta__bg elementor-bg\" style=\"background-image: url(https:\/\/shalom-law.co.il\/wp-content\/uploads\/2025\/11\/\u05d4\u05d2\u05dc\u05d9\u05dc-7-\u05d4\u05e8\u05e6\u05dc\u05d9\u05d4.-\u05ea\u05de\u05d0-381.-\u05e1\u05d8\u05d8\u05d5\u05e1-\u05d0\u05d7\u05dc\u05d5\u05e1-copy-1024x1024.webp);\" role=\"img\" aria-label=\"Projet HaGalil 7 Herzliya. Tama 381. Statut Occupation\"><\/div>\n\t\t\t\t<div class=\"elementor-cta__bg-overlay\"><\/div>\n\t\t\t<\/div>\n\t\t\t\t\t\t\t<div class=\"elementor-cta__content\">\n\t\t\t\t\n\t\t\t\t\t\t\t\t\t<h2 class=\"elementor-cta__title elementor-cta__content-item elementor-content-item\">\n\t\t\t\t\t\tRue HaGalil 7\t\t\t\t\t<\/h2>\n\t\t\t\t\n\t\t\t\t\t\t\t\t\t<div class=\"elementor-cta__description elementor-cta__content-item elementor-content-item\">\n\t\t\t\t\t\t Herzliya, NOP 38\/1, statut : occupation\n\n\t\t\t\t\t<\/div>\n\t\t\t\t\n\t\t\t\t\t\t\t<\/div>\n\t\t\t\t\t\t<\/div>\n\t\t\t\t\t\t<\/div>\n\t\t\t\t<\/div>\n\t\t<div class=\"elementor-element elementor-element-af85633 e-con-full e-flex e-con e-parent\" data-id=\"af85633\" data-element_type=\"container\" data-e-type=\"container\">\n\t\t\t\t<div class=\"elementor-element elementor-element-446759d elementor-widget__width-initial elementor-cta--skin-classic elementor-animated-content elementor-bg-transform elementor-bg-transform-zoom-in elementor-widget elementor-widget-call-to-action\" data-id=\"446759d\" data-element_type=\"widget\" data-e-type=\"widget\" data-widget_type=\"call-to-action.default\">\n\t\t\t\t\t\t\t<div class=\"elementor-cta\">\n\t\t\t\t\t<div class=\"elementor-cta__bg-wrapper\">\n\t\t\t\t<div class=\"elementor-cta__bg elementor-bg\" style=\"background-image: url(https:\/\/shalom-law.co.il\/wp-content\/uploads\/2025\/12\/process-construction-residential-buildings-against-blue-sky-alanya-turkey-copy-1024x1024.webp);\" role=\"img\" aria-label=\"Herzliya, projet de r\u00e9novation urbaine\"><\/div>\n\t\t\t\t<div class=\"elementor-cta__bg-overlay\"><\/div>\n\t\t\t<\/div>\n\t\t\t\t\t\t\t<div class=\"elementor-cta__content\">\n\t\t\t\t\n\t\t\t\t\t\t\t\t\t<h2 class=\"elementor-cta__title elementor-cta__content-item elementor-content-item\">\n\t\t\t\t\t\tWeizmann 6-12\t\t\t\t\t<\/h2>\n\t\t\t\t\n\t\t\t\t\t\t\t\t\t<div class=\"elementor-cta__description elementor-cta__content-item elementor-content-item\">\n\t\t\t\t\t\tHerzliya, projet de r\u00e9novation urbaine, statut : d\u00e9p\u00f4t du plan directeur\t\t\t\t\t<\/div>\n\t\t\t\t\n\t\t\t\t\t\t\t<\/div>\n\t\t\t\t\t\t<\/div>\n\t\t\t\t\t\t<\/div>\n\t\t\t\t<div class=\"elementor-element elementor-element-5fb66b6 elementor-widget__width-initial elementor-cta--skin-classic elementor-animated-content elementor-bg-transform elementor-bg-transform-zoom-in elementor-widget elementor-widget-call-to-action\" data-id=\"5fb66b6\" data-element_type=\"widget\" data-e-type=\"widget\" data-widget_type=\"call-to-action.default\">\n\t\t\t\t\t\t\t<div class=\"elementor-cta\">\n\t\t\t\t\t<div class=\"elementor-cta__bg-wrapper\">\n\t\t\t\t<div class=\"elementor-cta__bg elementor-bg\" style=\"background-image: url(https:\/\/shalom-law.co.il\/wp-content\/uploads\/2025\/12\/apartment-house-residential-building-complex-real-estate-concept-place-copy-space-with-blue-sky-copy-1024x1024.webp);\" role=\"img\" aria-label=\"Herzliya, projet de r\u00e9novation urbaine\"><\/div>\n\t\t\t\t<div class=\"elementor-cta__bg-overlay\"><\/div>\n\t\t\t<\/div>\n\t\t\t\t\t\t\t<div class=\"elementor-cta__content\">\n\t\t\t\t\n\t\t\t\t\t\t\t\t\t<h2 class=\"elementor-cta__title elementor-cta__content-item elementor-content-item\">\n\t\t\t\t\t\tWeizmann 16 \t\t\t\t\t<\/h2>\n\t\t\t\t\n\t\t\t\t\t\t\t\t\t<div class=\"elementor-cta__description elementor-cta__content-item elementor-content-item\">\n\t\t\t\t\t\tHerzliya, projet de r\u00e9novation urbaine, statut : majorit\u00e9 d\u00e9cisive\n\t\t\t\t\t<\/div>\n\t\t\t\t\n\t\t\t\t\t\t\t<\/div>\n\t\t\t\t\t\t<\/div>\n\t\t\t\t\t\t<\/div>\n\t\t\t\t<div class=\"elementor-element elementor-element-00bd060 elementor-widget__width-initial elementor-hidden-desktop elementor-hidden-tablet elementor-hidden-mobile elementor-cta--skin-classic elementor-animated-content elementor-bg-transform elementor-bg-transform-zoom-in elementor-widget elementor-widget-call-to-action\" data-id=\"00bd060\" data-element_type=\"widget\" data-e-type=\"widget\" data-widget_type=\"call-to-action.default\">\n\t\t\t\t\t\t\t<div class=\"elementor-cta\">\n\t\t\t\t\t<div class=\"elementor-cta__bg-wrapper\">\n\t\t\t\t<div class=\"elementor-cta__bg elementor-bg\" style=\"background-image: url(https:\/\/shalom-law.co.il\/wp-content\/uploads\/2025\/12\/apartment-house-residential-building-complex-real-estate-concept-place-copy-space-with-blue-sky-copy-1024x1024.webp);\" role=\"img\" aria-label=\"Herzliya, projet de r\u00e9novation urbaine\"><\/div>\n\t\t\t\t<div class=\"elementor-cta__bg-overlay\"><\/div>\n\t\t\t<\/div>\n\t\t\t\t\t\t\t<div class=\"elementor-cta__content\">\n\t\t\t\t\n\t\t\t\t\t\t\t\t\t<h2 class=\"elementor-cta__title elementor-cta__content-item elementor-content-item\">\n\t\t\t\t\t\tWeizmann 16 \t\t\t\t\t<\/h2>\n\t\t\t\t\n\t\t\t\t\t\t\t\t\t<div class=\"elementor-cta__description elementor-cta__content-item elementor-content-item\">\n\t\t\t\t\t\tHerzliya, projet de r\u00e9novation urbaine. Statut : majorit\u00e9 d\u00e9cisive \n\t\t\t\t\t<\/div>\n\t\t\t\t\n\t\t\t\t\t\t\t<\/div>\n\t\t\t\t\t\t<\/div>\n\t\t\t\t\t\t<\/div>\n\t\t\t\t<\/div>\n\t\t\t\t<\/div>\n\t\t","protected":false},"excerpt":{"rendered":"<p>Rue Ha&rsquo;Hayil Hefetz Haim Raanana, projet de r\u00e9novation urbaine, statut : planification Rue Op\u00e9ration Jonathan Kfar Saba, projet d&rsquo;\u00e9vacuation-reconstruction, statut&nbsp;: d\u00e9p\u00f4t du plan directeur Yessod HaMa&rsquo;ala 17-20 Hod HaSharon, projet d&rsquo;\u00e9vacuation-reconstruction, statut&nbsp;: d\u00e9p\u00f4t du plan directeur Rue Anielewicz 1-3 Raanana, NOP 38\/1, statut : occupation Rue Arlozorov 16 Raanana, NOP 38\/2, statut : occupation Rue [&hellip;]<\/p>\n","protected":false},"author":1,"featured_media":0,"parent":0,"menu_order":0,"comment_status":"closed","ping_status":"closed","template":"elementor_header_footer","meta":{"footnotes":""},"class_list":["post-5511","page","type-page","status-publish","hentry"],"yoast_head":"<!-- This site is optimized with the Yoast SEO plugin v27.3 - https:\/\/yoast.com\/product\/yoast-seo-wordpress\/ -->\n<title>Ma\u00eetre Shay Shalom - Projets de r\u00e9novation urbaine<\/title>\n<meta name=\"description\" content=\"Ma\u00eetre Shay Shalom est sp\u00e9cialis\u00e9 dans l&#039;accompagnement juridique de projets de r\u00e9novation urbaine, de d\u00e9molition-reconstruction et de TAMA 38, avec exp\u00e9rience, responsabilit\u00e9 et repr\u00e9sentation compl\u00e8te des r\u00e9sidents et des promoteurs.\" \/>\n<meta name=\"robots\" content=\"index, follow, max-snippet:-1, max-image-preview:large, max-video-preview:-1\" \/>\n<link rel=\"canonical\" href=\"https:\/\/shalom-law.co.il\/fr\/projets\/\" \/>\n<meta property=\"og:locale\" content=\"fr_FR\" \/>\n<meta property=\"og:type\" content=\"article\" \/>\n<meta property=\"og:title\" content=\"Ma\u00eetre Shay Shalom - Projets de r\u00e9novation urbaine\" \/>\n<meta property=\"og:description\" content=\"Ma\u00eetre Shay Shalom est sp\u00e9cialis\u00e9 dans l&#039;accompagnement juridique de projets de r\u00e9novation urbaine, de d\u00e9molition-reconstruction et de TAMA 38, avec exp\u00e9rience, responsabilit\u00e9 et repr\u00e9sentation compl\u00e8te des r\u00e9sidents et des promoteurs.\" \/>\n<meta property=\"og:url\" content=\"https:\/\/shalom-law.co.il\/fr\/projets\/\" \/>\n<meta property=\"og:site_name\" content=\"\u05e2\u05d5\u2019\u2019\u05d3 \u05e9\u05d9 \u05e9\u05dc\u05d5\u05dd \u05de\u05d5\u05de\u05d7\u05d4 \u05d1\u05d4\u05ea\u05d7\u05d3\u05e9\u05d5\u05ea \u05e2\u05d9\u05e8\u05d5\u05e0\u05d9\u05ea\" \/>\n<meta property=\"article:modified_time\" content=\"2025-12-17T09:59:27+00:00\" \/>\n<meta name=\"twitter:card\" content=\"summary_large_image\" \/>\n<meta name=\"twitter:title\" content=\"Ma\u00eetre Shay Shalom - Projets de r\u00e9novation urbaine\" \/>\n<meta name=\"twitter:description\" content=\"Ma\u00eetre Shay Shalom est sp\u00e9cialis\u00e9 dans l&#039;accompagnement juridique de projets de r\u00e9novation urbaine, de d\u00e9molition-reconstruction et de TAMA 38, avec exp\u00e9rience, responsabilit\u00e9 et repr\u00e9sentation compl\u00e8te des r\u00e9sidents et des promoteurs.\" \/>\n<meta name=\"twitter:label1\" content=\"Dur\u00e9e de lecture estim\u00e9e\" \/>\n\t<meta name=\"twitter:data1\" content=\"1 minute\" \/>\n<script type=\"application\/ld+json\" class=\"yoast-schema-graph\">{\"@context\":\"https:\\\/\\\/schema.org\",\"@graph\":[{\"@type\":\"WebPage\",\"@id\":\"https:\\\/\\\/shalom-law.co.il\\\/fr\\\/projets\\\/\",\"url\":\"https:\\\/\\\/shalom-law.co.il\\\/fr\\\/projets\\\/\",\"name\":\"Ma\u00eetre Shay Shalom - Projets de r\u00e9novation urbaine\",\"isPartOf\":{\"@id\":\"https:\\\/\\\/shalom-law.co.il\\\/fr\\\/#website\"},\"datePublished\":\"2025-09-03T11:54:48+00:00\",\"dateModified\":\"2025-12-17T09:59:27+00:00\",\"description\":\"Ma\u00eetre Shay Shalom est sp\u00e9cialis\u00e9 dans l'accompagnement juridique de projets de r\u00e9novation urbaine, de d\u00e9molition-reconstruction et de TAMA 38, avec exp\u00e9rience, responsabilit\u00e9 et repr\u00e9sentation compl\u00e8te des r\u00e9sidents et des promoteurs.\",\"breadcrumb\":{\"@id\":\"https:\\\/\\\/shalom-law.co.il\\\/fr\\\/projets\\\/#breadcrumb\"},\"inLanguage\":\"fr-FR\",\"potentialAction\":[{\"@type\":\"ReadAction\",\"target\":[\"https:\\\/\\\/shalom-law.co.il\\\/fr\\\/projets\\\/\"]}]},{\"@type\":\"BreadcrumbList\",\"@id\":\"https:\\\/\\\/shalom-law.co.il\\\/fr\\\/projets\\\/#breadcrumb\",\"itemListElement\":[{\"@type\":\"ListItem\",\"position\":1,\"name\":\"\u05d3\u05e3 \u05d4\u05d1\u05d9\u05ea\",\"item\":\"https:\\\/\\\/shalom-law.co.il\\\/fr\\\/\"},{\"@type\":\"ListItem\",\"position\":2,\"name\":\"Projets\"}]},{\"@type\":\"WebSite\",\"@id\":\"https:\\\/\\\/shalom-law.co.il\\\/fr\\\/#website\",\"url\":\"https:\\\/\\\/shalom-law.co.il\\\/fr\\\/\",\"name\":\"\u05e2\u05d5\u2019\u2019\u05d3 \u05e9\u05d9 \u05e9\u05dc\u05d5\u05dd \u05de\u05d5\u05de\u05d7\u05d4 \u05d1\u05d4\u05ea\u05d7\u05d3\u05e9\u05d5\u05ea \u05e2\u05d9\u05e8\u05d5\u05e0\u05d9\u05ea\",\"description\":\"\",\"publisher\":{\"@id\":\"https:\\\/\\\/shalom-law.co.il\\\/fr\\\/#organization\"},\"potentialAction\":[{\"@type\":\"SearchAction\",\"target\":{\"@type\":\"EntryPoint\",\"urlTemplate\":\"https:\\\/\\\/shalom-law.co.il\\\/fr\\\/?s={search_term_string}\"},\"query-input\":{\"@type\":\"PropertyValueSpecification\",\"valueRequired\":true,\"valueName\":\"search_term_string\"}}],\"inLanguage\":\"fr-FR\"},{\"@type\":\"Organization\",\"@id\":\"https:\\\/\\\/shalom-law.co.il\\\/fr\\\/#organization\",\"name\":\"\u05e2\u05d5\u2019\u2019\u05d3 \u05e9\u05d9 \u05e9\u05dc\u05d5\u05dd \u05de\u05d5\u05de\u05d7\u05d4 \u05d1\u05d4\u05ea\u05d7\u05d3\u05e9\u05d5\u05ea \u05e2\u05d9\u05e8\u05d5\u05e0\u05d9\u05ea\",\"url\":\"https:\\\/\\\/shalom-law.co.il\\\/fr\\\/\",\"logo\":{\"@type\":\"ImageObject\",\"inLanguage\":\"fr-FR\",\"@id\":\"https:\\\/\\\/shalom-law.co.il\\\/fr\\\/#\\\/schema\\\/logo\\\/image\\\/\",\"url\":\"https:\\\/\\\/shalom-law.co.il\\\/wp-content\\\/uploads\\\/2025\\\/09\\\/logo.svg\",\"contentUrl\":\"https:\\\/\\\/shalom-law.co.il\\\/wp-content\\\/uploads\\\/2025\\\/09\\\/logo.svg\",\"width\":178,\"height\":60,\"caption\":\"\u05e2\u05d5\u2019\u2019\u05d3 \u05e9\u05d9 \u05e9\u05dc\u05d5\u05dd \u05de\u05d5\u05de\u05d7\u05d4 \u05d1\u05d4\u05ea\u05d7\u05d3\u05e9\u05d5\u05ea \u05e2\u05d9\u05e8\u05d5\u05e0\u05d9\u05ea\"},\"image\":{\"@id\":\"https:\\\/\\\/shalom-law.co.il\\\/fr\\\/#\\\/schema\\\/logo\\\/image\\\/\"}}]}<\/script>\n<!-- \/ Yoast SEO plugin. -->","yoast_head_json":{"title":"Ma\u00eetre Shay Shalom - Projets de r\u00e9novation urbaine","description":"Ma\u00eetre Shay Shalom est sp\u00e9cialis\u00e9 dans l'accompagnement juridique de projets de r\u00e9novation urbaine, de d\u00e9molition-reconstruction et de TAMA 38, avec exp\u00e9rience, responsabilit\u00e9 et repr\u00e9sentation compl\u00e8te des r\u00e9sidents et des promoteurs.","robots":{"index":"index","follow":"follow","max-snippet":"max-snippet:-1","max-image-preview":"max-image-preview:large","max-video-preview":"max-video-preview:-1"},"canonical":"https:\/\/shalom-law.co.il\/fr\/projets\/","og_locale":"fr_FR","og_type":"article","og_title":"Ma\u00eetre Shay Shalom - Projets de r\u00e9novation urbaine","og_description":"Ma\u00eetre Shay Shalom est sp\u00e9cialis\u00e9 dans l'accompagnement juridique de projets de r\u00e9novation urbaine, de d\u00e9molition-reconstruction et de TAMA 38, avec exp\u00e9rience, responsabilit\u00e9 et repr\u00e9sentation compl\u00e8te des r\u00e9sidents et des promoteurs.","og_url":"https:\/\/shalom-law.co.il\/fr\/projets\/","og_site_name":"\u05e2\u05d5\u2019\u2019\u05d3 \u05e9\u05d9 \u05e9\u05dc\u05d5\u05dd \u05de\u05d5\u05de\u05d7\u05d4 \u05d1\u05d4\u05ea\u05d7\u05d3\u05e9\u05d5\u05ea \u05e2\u05d9\u05e8\u05d5\u05e0\u05d9\u05ea","article_modified_time":"2025-12-17T09:59:27+00:00","twitter_card":"summary_large_image","twitter_title":"Ma\u00eetre Shay Shalom - Projets de r\u00e9novation urbaine","twitter_description":"Ma\u00eetre Shay Shalom est sp\u00e9cialis\u00e9 dans l'accompagnement juridique de projets de r\u00e9novation urbaine, de d\u00e9molition-reconstruction et de TAMA 38, avec exp\u00e9rience, responsabilit\u00e9 et repr\u00e9sentation compl\u00e8te des r\u00e9sidents et des promoteurs.","twitter_misc":{"Dur\u00e9e de lecture estim\u00e9e":"1 minute"},"schema":{"@context":"https:\/\/schema.org","@graph":[{"@type":"WebPage","@id":"https:\/\/shalom-law.co.il\/fr\/projets\/","url":"https:\/\/shalom-law.co.il\/fr\/projets\/","name":"Ma\u00eetre Shay Shalom - Projets de r\u00e9novation urbaine","isPartOf":{"@id":"https:\/\/shalom-law.co.il\/fr\/#website"},"datePublished":"2025-09-03T11:54:48+00:00","dateModified":"2025-12-17T09:59:27+00:00","description":"Ma\u00eetre Shay Shalom est sp\u00e9cialis\u00e9 dans l'accompagnement juridique de projets de r\u00e9novation urbaine, de d\u00e9molition-reconstruction et de TAMA 38, avec exp\u00e9rience, responsabilit\u00e9 et repr\u00e9sentation compl\u00e8te des r\u00e9sidents et des promoteurs.","breadcrumb":{"@id":"https:\/\/shalom-law.co.il\/fr\/projets\/#breadcrumb"},"inLanguage":"fr-FR","potentialAction":[{"@type":"ReadAction","target":["https:\/\/shalom-law.co.il\/fr\/projets\/"]}]},{"@type":"BreadcrumbList","@id":"https:\/\/shalom-law.co.il\/fr\/projets\/#breadcrumb","itemListElement":[{"@type":"ListItem","position":1,"name":"\u05d3\u05e3 \u05d4\u05d1\u05d9\u05ea","item":"https:\/\/shalom-law.co.il\/fr\/"},{"@type":"ListItem","position":2,"name":"Projets"}]},{"@type":"WebSite","@id":"https:\/\/shalom-law.co.il\/fr\/#website","url":"https:\/\/shalom-law.co.il\/fr\/","name":"\u05e2\u05d5\u2019\u2019\u05d3 \u05e9\u05d9 \u05e9\u05dc\u05d5\u05dd \u05de\u05d5\u05de\u05d7\u05d4 \u05d1\u05d4\u05ea\u05d7\u05d3\u05e9\u05d5\u05ea \u05e2\u05d9\u05e8\u05d5\u05e0\u05d9\u05ea","description":"","publisher":{"@id":"https:\/\/shalom-law.co.il\/fr\/#organization"},"potentialAction":[{"@type":"SearchAction","target":{"@type":"EntryPoint","urlTemplate":"https:\/\/shalom-law.co.il\/fr\/?s={search_term_string}"},"query-input":{"@type":"PropertyValueSpecification","valueRequired":true,"valueName":"search_term_string"}}],"inLanguage":"fr-FR"},{"@type":"Organization","@id":"https:\/\/shalom-law.co.il\/fr\/#organization","name":"\u05e2\u05d5\u2019\u2019\u05d3 \u05e9\u05d9 \u05e9\u05dc\u05d5\u05dd \u05de\u05d5\u05de\u05d7\u05d4 \u05d1\u05d4\u05ea\u05d7\u05d3\u05e9\u05d5\u05ea \u05e2\u05d9\u05e8\u05d5\u05e0\u05d9\u05ea","url":"https:\/\/shalom-law.co.il\/fr\/","logo":{"@type":"ImageObject","inLanguage":"fr-FR","@id":"https:\/\/shalom-law.co.il\/fr\/#\/schema\/logo\/image\/","url":"https:\/\/shalom-law.co.il\/wp-content\/uploads\/2025\/09\/logo.svg","contentUrl":"https:\/\/shalom-law.co.il\/wp-content\/uploads\/2025\/09\/logo.svg","width":178,"height":60,"caption":"\u05e2\u05d5\u2019\u2019\u05d3 \u05e9\u05d9 \u05e9\u05dc\u05d5\u05dd \u05de\u05d5\u05de\u05d7\u05d4 \u05d1\u05d4\u05ea\u05d7\u05d3\u05e9\u05d5\u05ea \u05e2\u05d9\u05e8\u05d5\u05e0\u05d9\u05ea"},"image":{"@id":"https:\/\/shalom-law.co.il\/fr\/#\/schema\/logo\/image\/"}}]}},"_links":{"self":[{"href":"https:\/\/shalom-law.co.il\/fr\/wp-json\/wp\/v2\/pages\/5511","targetHints":{"allow":["GET"]}}],"collection":[{"href":"https:\/\/shalom-law.co.il\/fr\/wp-json\/wp\/v2\/pages"}],"about":[{"href":"https:\/\/shalom-law.co.il\/fr\/wp-json\/wp\/v2\/types\/page"}],"author":[{"embeddable":true,"href":"https:\/\/shalom-law.co.il\/fr\/wp-json\/wp\/v2\/users\/1"}],"replies":[{"embeddable":true,"href":"https:\/\/shalom-law.co.il\/fr\/wp-json\/wp\/v2\/comments?post=5511"}],"version-history":[{"count":1,"href":"https:\/\/shalom-law.co.il\/fr\/wp-json\/wp\/v2\/pages\/5511\/revisions"}],"predecessor-version":[{"id":5512,"href":"https:\/\/shalom-law.co.il\/fr\/wp-json\/wp\/v2\/pages\/5511\/revisions\/5512"}],"wp:attachment":[{"href":"https:\/\/shalom-law.co.il\/fr\/wp-json\/wp\/v2\/media?parent=5511"}],"curies":[{"name":"wp","href":"https:\/\/api.w.org\/{rel}","templated":true}]}}