{"id":5643,"date":"2025-11-12T18:01:52","date_gmt":"2025-11-12T16:01:52","guid":{"rendered":"https:\/\/shalom-law.co.il\/avocat-en-immobilier\/"},"modified":"2025-12-17T21:30:24","modified_gmt":"2025-12-17T19:30:24","slug":"avocat-en-immobilier","status":"publish","type":"page","link":"https:\/\/shalom-law.co.il\/fr\/avocat-en-immobilier\/","title":{"rendered":"Avocat en immobilier"},"content":{"rendered":"\t\t<div data-elementor-type=\"wp-page\" data-elementor-id=\"5643\" class=\"elementor elementor-5643 elementor-4002\" data-elementor-post-type=\"page\">\n\t\t\t\t<div class=\"elementor-element elementor-element-bf02b35 e-con-full e-flex e-con e-parent\" data-id=\"bf02b35\" data-element_type=\"container\" data-e-type=\"container\" data-settings=\"{&quot;background_background&quot;:&quot;classic&quot;}\">\n\t\t\t\t<\/div>\n\t\t<div class=\"elementor-element elementor-element-f492487 e-con-full e-flex e-con e-parent\" data-id=\"f492487\" data-element_type=\"container\" data-e-type=\"container\" data-settings=\"{&quot;background_background&quot;:&quot;classic&quot;}\">\n\t\t<div class=\"elementor-element elementor-element-8498c29 e-grid e-con-full e-con e-child\" data-id=\"8498c29\" data-element_type=\"container\" data-e-type=\"container\">\n\t\t<div class=\"elementor-element elementor-element-255684a e-con-full e-flex e-con e-child\" data-id=\"255684a\" data-element_type=\"container\" data-e-type=\"container\" data-settings=\"{&quot;background_background&quot;:&quot;classic&quot;}\">\n\t\t\t\t<div class=\"elementor-element elementor-element-9c37fc7 elementor-widget elementor-widget-heading\" data-id=\"9c37fc7\" data-element_type=\"widget\" data-e-type=\"widget\" data-widget_type=\"heading.default\">\n\t\t\t\t\t<h3 class=\"elementor-heading-title elementor-size-default\"><a href=\"https:\/\/shalom-law.co.il\/fr\/avocat-specialise-dans-la-vente-dappartements\/\">Avocat en vente immobili\u00e8re<\/a><\/h3>\t\t\t\t<\/div>\n\t\t\t\t<div class=\"elementor-element elementor-element-e30196b elementor-widget elementor-widget-text-editor\" data-id=\"e30196b\" data-element_type=\"widget\" data-e-type=\"widget\" data-widget_type=\"text-editor.default\">\n\t\t\t\t\t\t\t\t\t<p id=\"E235\" class=\"x-scope qowt-word-para-0\"><span id=\"E236\">Accompagnement juridique professionnel lors de l&rsquo;achat d&rsquo;un appartement<\/span><\/p>\t\t\t\t\t\t\t\t<\/div>\n\t\t\t\t<div class=\"elementor-element elementor-element-162224d elementor-align-center spin-btn elementor-widget elementor-widget-button\" data-id=\"162224d\" data-element_type=\"widget\" data-e-type=\"widget\" data-widget_type=\"button.default\">\n\t\t\t\t\t\t\t\t\t\t<a class=\"elementor-button elementor-button-link elementor-size-sm elementor-animation-shrink\" href=\"https:\/\/shalom-law.co.il\/fr\/avocat-specialise-dans-la-vente-dappartements\/\">\n\t\t\t\t\t\t<span class=\"elementor-button-content-wrapper\">\n\t\t\t\t\t\t<span class=\"elementor-button-icon\">\n\t\t\t\t<svg xmlns=\"http:\/\/www.w3.org\/2000\/svg\" width=\"21\" height=\"21\" viewBox=\"0 0 21 21\" fill=\"none\"><path d=\"M15.7208 5.57221L5.17444 4.9884L5.37236 15.549\" stroke=\"white\" stroke-width=\"1.5\" stroke-linecap=\"round\"><\/path><path d=\"M14.3778 15.6144C14.6653 15.9126 15.1401 15.9213 15.4383 15.6338C15.7365 15.3463 15.7451 14.8715 15.4577 14.5733L14.9177 15.0938L14.3778 15.6144ZM5.54492 5.37193L5.00499 5.89248L14.3778 15.6144L14.9177 15.0938L15.4577 14.5733L6.08486 4.85139L5.54492 5.37193Z\" fill=\"white\"><\/path><\/svg>\t\t\t<\/span>\n\t\t\t\t\t\t\t\t\t<span class=\"elementor-button-text\">Pour en savoir plus<\/span>\n\t\t\t\t\t<\/span>\n\t\t\t\t\t<\/a>\n\t\t\t\t\t\t\t\t<\/div>\n\t\t\t\t<\/div>\n\t\t<div class=\"elementor-element elementor-element-379ff38 e-con-full e-flex e-con e-child\" data-id=\"379ff38\" data-element_type=\"container\" data-e-type=\"container\" data-settings=\"{&quot;background_background&quot;:&quot;classic&quot;}\">\n\t\t\t\t<div class=\"elementor-element elementor-element-35d3922 elementor-widget elementor-widget-heading\" data-id=\"35d3922\" data-element_type=\"widget\" data-e-type=\"widget\" data-widget_type=\"heading.default\">\n\t\t\t\t\t<h3 class=\"elementor-heading-title elementor-size-default\"><a href=\"https:\/\/shalom-law.co.il\/fr\/avocat-specialise-dans-lacquisition-dappartements\/\">Avocat en achat immobilier<\/a><\/h3>\t\t\t\t<\/div>\n\t\t\t\t<div class=\"elementor-element elementor-element-d2045da elementor-widget elementor-widget-text-editor\" data-id=\"d2045da\" data-element_type=\"widget\" data-e-type=\"widget\" data-widget_type=\"text-editor.default\">\n\t\t\t\t\t\t\t\t\t<p id=\"E236\" class=\"x-scope qowt-word-para-0\"><span id=\"E237\"> Accompagnement juridique professionnel lors de la vente d&rsquo;un appartement<\/span><\/p>\t\t\t\t\t\t\t\t<\/div>\n\t\t\t\t<div class=\"elementor-element elementor-element-b156caa elementor-align-center spin-btn elementor-widget elementor-widget-button\" data-id=\"b156caa\" data-element_type=\"widget\" data-e-type=\"widget\" data-widget_type=\"button.default\">\n\t\t\t\t\t\t\t\t\t\t<a class=\"elementor-button elementor-button-link elementor-size-sm elementor-animation-shrink\" href=\"https:\/\/shalom-law.co.il\/fr\/avocat-specialise-dans-lacquisition-dappartements\/\">\n\t\t\t\t\t\t<span class=\"elementor-button-content-wrapper\">\n\t\t\t\t\t\t<span class=\"elementor-button-icon\">\n\t\t\t\t<svg xmlns=\"http:\/\/www.w3.org\/2000\/svg\" width=\"21\" height=\"21\" viewBox=\"0 0 21 21\" fill=\"none\"><path d=\"M15.7208 5.57221L5.17444 4.9884L5.37236 15.549\" stroke=\"white\" stroke-width=\"1.5\" stroke-linecap=\"round\"><\/path><path d=\"M14.3778 15.6144C14.6653 15.9126 15.1401 15.9213 15.4383 15.6338C15.7365 15.3463 15.7451 14.8715 15.4577 14.5733L14.9177 15.0938L14.3778 15.6144ZM5.54492 5.37193L5.00499 5.89248L14.3778 15.6144L14.9177 15.0938L15.4577 14.5733L6.08486 4.85139L5.54492 5.37193Z\" fill=\"white\"><\/path><\/svg>\t\t\t<\/span>\n\t\t\t\t\t\t\t\t\t<span class=\"elementor-button-text\">Pour en savoir plus<\/span>\n\t\t\t\t\t<\/span>\n\t\t\t\t\t<\/a>\n\t\t\t\t\t\t\t\t<\/div>\n\t\t\t\t<\/div>\n\t\t<div class=\"elementor-element elementor-element-7174162 e-con-full e-flex e-con e-child\" data-id=\"7174162\" data-element_type=\"container\" data-e-type=\"container\" data-settings=\"{&quot;background_background&quot;:&quot;classic&quot;}\">\n\t\t\t\t<div class=\"elementor-element elementor-element-42bd590 elementor-widget elementor-widget-heading\" data-id=\"42bd590\" data-element_type=\"widget\" data-e-type=\"widget\" data-widget_type=\"heading.default\">\n\t\t\t\t\t<h3 class=\"elementor-heading-title elementor-size-default\"><a href=\"https:\/\/shalom-law.co.il\/fr\/representation-devant-les-tribunaux\/\">Repr\u00e9sentation devant les tribunaux\n<\/a><\/h3>\t\t\t\t<\/div>\n\t\t\t\t<div class=\"elementor-element elementor-element-f1261d8 elementor-widget elementor-widget-text-editor\" data-id=\"f1261d8\" data-element_type=\"widget\" data-e-type=\"widget\" data-widget_type=\"text-editor.default\">\n\t\t\t\t\t\t\t\t\t<p id=\"E235\" class=\"x-scope qowt-word-para-0\"><span id=\"E236\">Repr\u00e9sentation juridique professionnelle devant les tribunaux dans le domaine de l&rsquo;immobilier<\/span><\/p>\t\t\t\t\t\t\t\t<\/div>\n\t\t\t\t<div class=\"elementor-element elementor-element-9f742c5 elementor-align-center spin-btn elementor-widget elementor-widget-button\" data-id=\"9f742c5\" data-element_type=\"widget\" data-e-type=\"widget\" data-widget_type=\"button.default\">\n\t\t\t\t\t\t\t\t\t\t<a class=\"elementor-button elementor-button-link elementor-size-sm elementor-animation-shrink\" href=\"https:\/\/shalom-law.co.il\/fr\/representation-devant-les-tribunaux\/\">\n\t\t\t\t\t\t<span class=\"elementor-button-content-wrapper\">\n\t\t\t\t\t\t<span class=\"elementor-button-icon\">\n\t\t\t\t<svg xmlns=\"http:\/\/www.w3.org\/2000\/svg\" width=\"21\" height=\"21\" viewBox=\"0 0 21 21\" fill=\"none\"><path d=\"M15.7208 5.57221L5.17444 4.9884L5.37236 15.549\" stroke=\"white\" stroke-width=\"1.5\" stroke-linecap=\"round\"><\/path><path d=\"M14.3778 15.6144C14.6653 15.9126 15.1401 15.9213 15.4383 15.6338C15.7365 15.3463 15.7451 14.8715 15.4577 14.5733L14.9177 15.0938L14.3778 15.6144ZM5.54492 5.37193L5.00499 5.89248L14.3778 15.6144L14.9177 15.0938L15.4577 14.5733L6.08486 4.85139L5.54492 5.37193Z\" fill=\"white\"><\/path><\/svg>\t\t\t<\/span>\n\t\t\t\t\t\t\t\t\t<span class=\"elementor-button-text\">Pour en savoir plus<\/span>\n\t\t\t\t\t<\/span>\n\t\t\t\t\t<\/a>\n\t\t\t\t\t\t\t\t<\/div>\n\t\t\t\t<\/div>\n\t\t\t\t<\/div>\n\t\t\t\t<\/div>\n\t\t\t\t<\/div>\n\t\t","protected":false},"excerpt":{"rendered":"<p>Avocat en vente immobili\u00e8re Accompagnement juridique professionnel lors de l&rsquo;achat d&rsquo;un appartement Pour en savoir plus Avocat en achat immobilier Accompagnement juridique professionnel lors de la vente d&rsquo;un appartement Pour en savoir plus Repr\u00e9sentation devant les tribunaux Repr\u00e9sentation juridique professionnelle devant les tribunaux dans le domaine de l&rsquo;immobilier Pour en savoir plus<\/p>\n","protected":false},"author":1,"featured_media":0,"parent":0,"menu_order":0,"comment_status":"closed","ping_status":"closed","template":"elementor_header_footer","meta":{"footnotes":""},"class_list":["post-5643","page","type-page","status-publish","hentry"],"yoast_head":"<!-- This site is optimized with the Yoast SEO plugin v27.3 - https:\/\/yoast.com\/product\/yoast-seo-wordpress\/ -->\n<title>Ma\u00eetre Shay Shalom - Immobilier<\/title>\n<meta name=\"description\" content=\"Ma\u00eetre Shay Shalom est sp\u00e9cialis\u00e9 en droit immobilier \u2013 accompagnement juridique dans les transactions d\u2019achat, de vente et de r\u00e9novation urbaine, avec responsabilit\u00e9 et professionnalisme.\" \/>\n<meta name=\"robots\" content=\"index, follow, max-snippet:-1, max-image-preview:large, max-video-preview:-1\" \/>\n<link rel=\"canonical\" href=\"https:\/\/shalom-law.co.il\/fr\/avocat-en-immobilier\/\" \/>\n<meta property=\"og:locale\" content=\"fr_FR\" \/>\n<meta property=\"og:type\" content=\"article\" \/>\n<meta property=\"og:title\" content=\"Ma\u00eetre Shay Shalom - Immobilier\" \/>\n<meta property=\"og:description\" content=\"Ma\u00eetre Shay Shalom est sp\u00e9cialis\u00e9 en droit immobilier \u2013 accompagnement juridique dans les transactions d\u2019achat, de vente et de r\u00e9novation urbaine, avec responsabilit\u00e9 et professionnalisme.\" \/>\n<meta property=\"og:url\" content=\"https:\/\/shalom-law.co.il\/fr\/avocat-en-immobilier\/\" \/>\n<meta property=\"og:site_name\" content=\"\u05e2\u05d5\u2019\u2019\u05d3 \u05e9\u05d9 \u05e9\u05dc\u05d5\u05dd \u05de\u05d5\u05de\u05d7\u05d4 \u05d1\u05d4\u05ea\u05d7\u05d3\u05e9\u05d5\u05ea \u05e2\u05d9\u05e8\u05d5\u05e0\u05d9\u05ea\" \/>\n<meta property=\"article:modified_time\" content=\"2025-12-17T19:30:24+00:00\" \/>\n<meta name=\"twitter:card\" content=\"summary_large_image\" \/>\n<meta name=\"twitter:title\" content=\"Ma\u00eetre Shay Shalom - Immobilier\" \/>\n<meta name=\"twitter:description\" content=\"Ma\u00eetre Shay Shalom est sp\u00e9cialis\u00e9 en droit immobilier \u2013 accompagnement juridique dans les transactions d\u2019achat, de vente et de r\u00e9novation urbaine, avec responsabilit\u00e9 et professionnalisme.\" \/>\n<meta name=\"twitter:label1\" content=\"Dur\u00e9e de lecture estim\u00e9e\" \/>\n\t<meta name=\"twitter:data1\" content=\"1 minute\" \/>\n<script type=\"application\/ld+json\" class=\"yoast-schema-graph\">{\"@context\":\"https:\\\/\\\/schema.org\",\"@graph\":[{\"@type\":\"WebPage\",\"@id\":\"https:\\\/\\\/shalom-law.co.il\\\/fr\\\/avocat-en-immobilier\\\/\",\"url\":\"https:\\\/\\\/shalom-law.co.il\\\/fr\\\/avocat-en-immobilier\\\/\",\"name\":\"Ma\u00eetre Shay Shalom - Immobilier\",\"isPartOf\":{\"@id\":\"https:\\\/\\\/shalom-law.co.il\\\/fr\\\/#website\"},\"datePublished\":\"2025-11-12T16:01:52+00:00\",\"dateModified\":\"2025-12-17T19:30:24+00:00\",\"description\":\"Ma\u00eetre Shay Shalom est sp\u00e9cialis\u00e9 en droit immobilier \u2013 accompagnement juridique dans les transactions d\u2019achat, de vente et de r\u00e9novation urbaine, avec responsabilit\u00e9 et professionnalisme.\",\"breadcrumb\":{\"@id\":\"https:\\\/\\\/shalom-law.co.il\\\/fr\\\/avocat-en-immobilier\\\/#breadcrumb\"},\"inLanguage\":\"fr-FR\",\"potentialAction\":[{\"@type\":\"ReadAction\",\"target\":[\"https:\\\/\\\/shalom-law.co.il\\\/fr\\\/avocat-en-immobilier\\\/\"]}]},{\"@type\":\"BreadcrumbList\",\"@id\":\"https:\\\/\\\/shalom-law.co.il\\\/fr\\\/avocat-en-immobilier\\\/#breadcrumb\",\"itemListElement\":[{\"@type\":\"ListItem\",\"position\":1,\"name\":\"\u05d3\u05e3 \u05d4\u05d1\u05d9\u05ea\",\"item\":\"https:\\\/\\\/shalom-law.co.il\\\/fr\\\/\"},{\"@type\":\"ListItem\",\"position\":2,\"name\":\"Avocat en immobilier\"}]},{\"@type\":\"WebSite\",\"@id\":\"https:\\\/\\\/shalom-law.co.il\\\/fr\\\/#website\",\"url\":\"https:\\\/\\\/shalom-law.co.il\\\/fr\\\/\",\"name\":\"\u05e2\u05d5\u2019\u2019\u05d3 \u05e9\u05d9 \u05e9\u05dc\u05d5\u05dd \u05de\u05d5\u05de\u05d7\u05d4 \u05d1\u05d4\u05ea\u05d7\u05d3\u05e9\u05d5\u05ea \u05e2\u05d9\u05e8\u05d5\u05e0\u05d9\u05ea\",\"description\":\"\",\"publisher\":{\"@id\":\"https:\\\/\\\/shalom-law.co.il\\\/fr\\\/#organization\"},\"potentialAction\":[{\"@type\":\"SearchAction\",\"target\":{\"@type\":\"EntryPoint\",\"urlTemplate\":\"https:\\\/\\\/shalom-law.co.il\\\/fr\\\/?s={search_term_string}\"},\"query-input\":{\"@type\":\"PropertyValueSpecification\",\"valueRequired\":true,\"valueName\":\"search_term_string\"}}],\"inLanguage\":\"fr-FR\"},{\"@type\":\"Organization\",\"@id\":\"https:\\\/\\\/shalom-law.co.il\\\/fr\\\/#organization\",\"name\":\"\u05e2\u05d5\u2019\u2019\u05d3 \u05e9\u05d9 \u05e9\u05dc\u05d5\u05dd \u05de\u05d5\u05de\u05d7\u05d4 \u05d1\u05d4\u05ea\u05d7\u05d3\u05e9\u05d5\u05ea \u05e2\u05d9\u05e8\u05d5\u05e0\u05d9\u05ea\",\"url\":\"https:\\\/\\\/shalom-law.co.il\\\/fr\\\/\",\"logo\":{\"@type\":\"ImageObject\",\"inLanguage\":\"fr-FR\",\"@id\":\"https:\\\/\\\/shalom-law.co.il\\\/fr\\\/#\\\/schema\\\/logo\\\/image\\\/\",\"url\":\"https:\\\/\\\/shalom-law.co.il\\\/wp-content\\\/uploads\\\/2025\\\/09\\\/logo.svg\",\"contentUrl\":\"https:\\\/\\\/shalom-law.co.il\\\/wp-content\\\/uploads\\\/2025\\\/09\\\/logo.svg\",\"width\":178,\"height\":60,\"caption\":\"\u05e2\u05d5\u2019\u2019\u05d3 \u05e9\u05d9 \u05e9\u05dc\u05d5\u05dd \u05de\u05d5\u05de\u05d7\u05d4 \u05d1\u05d4\u05ea\u05d7\u05d3\u05e9\u05d5\u05ea \u05e2\u05d9\u05e8\u05d5\u05e0\u05d9\u05ea\"},\"image\":{\"@id\":\"https:\\\/\\\/shalom-law.co.il\\\/fr\\\/#\\\/schema\\\/logo\\\/image\\\/\"}}]}<\/script>\n<!-- \/ Yoast SEO plugin. -->","yoast_head_json":{"title":"Ma\u00eetre Shay Shalom - Immobilier","description":"Ma\u00eetre Shay Shalom est sp\u00e9cialis\u00e9 en droit immobilier \u2013 accompagnement juridique dans les transactions d\u2019achat, de vente et de r\u00e9novation urbaine, avec responsabilit\u00e9 et professionnalisme.","robots":{"index":"index","follow":"follow","max-snippet":"max-snippet:-1","max-image-preview":"max-image-preview:large","max-video-preview":"max-video-preview:-1"},"canonical":"https:\/\/shalom-law.co.il\/fr\/avocat-en-immobilier\/","og_locale":"fr_FR","og_type":"article","og_title":"Ma\u00eetre Shay Shalom - Immobilier","og_description":"Ma\u00eetre Shay Shalom est sp\u00e9cialis\u00e9 en droit immobilier \u2013 accompagnement juridique dans les transactions d\u2019achat, de vente et de r\u00e9novation urbaine, avec responsabilit\u00e9 et professionnalisme.","og_url":"https:\/\/shalom-law.co.il\/fr\/avocat-en-immobilier\/","og_site_name":"\u05e2\u05d5\u2019\u2019\u05d3 \u05e9\u05d9 \u05e9\u05dc\u05d5\u05dd \u05de\u05d5\u05de\u05d7\u05d4 \u05d1\u05d4\u05ea\u05d7\u05d3\u05e9\u05d5\u05ea \u05e2\u05d9\u05e8\u05d5\u05e0\u05d9\u05ea","article_modified_time":"2025-12-17T19:30:24+00:00","twitter_card":"summary_large_image","twitter_title":"Ma\u00eetre Shay Shalom - Immobilier","twitter_description":"Ma\u00eetre Shay Shalom est sp\u00e9cialis\u00e9 en droit immobilier \u2013 accompagnement juridique dans les transactions d\u2019achat, de vente et de r\u00e9novation urbaine, avec responsabilit\u00e9 et professionnalisme.","twitter_misc":{"Dur\u00e9e de lecture estim\u00e9e":"1 minute"},"schema":{"@context":"https:\/\/schema.org","@graph":[{"@type":"WebPage","@id":"https:\/\/shalom-law.co.il\/fr\/avocat-en-immobilier\/","url":"https:\/\/shalom-law.co.il\/fr\/avocat-en-immobilier\/","name":"Ma\u00eetre Shay Shalom - Immobilier","isPartOf":{"@id":"https:\/\/shalom-law.co.il\/fr\/#website"},"datePublished":"2025-11-12T16:01:52+00:00","dateModified":"2025-12-17T19:30:24+00:00","description":"Ma\u00eetre Shay Shalom est sp\u00e9cialis\u00e9 en droit immobilier \u2013 accompagnement juridique dans les transactions d\u2019achat, de vente et de r\u00e9novation urbaine, avec responsabilit\u00e9 et professionnalisme.","breadcrumb":{"@id":"https:\/\/shalom-law.co.il\/fr\/avocat-en-immobilier\/#breadcrumb"},"inLanguage":"fr-FR","potentialAction":[{"@type":"ReadAction","target":["https:\/\/shalom-law.co.il\/fr\/avocat-en-immobilier\/"]}]},{"@type":"BreadcrumbList","@id":"https:\/\/shalom-law.co.il\/fr\/avocat-en-immobilier\/#breadcrumb","itemListElement":[{"@type":"ListItem","position":1,"name":"\u05d3\u05e3 \u05d4\u05d1\u05d9\u05ea","item":"https:\/\/shalom-law.co.il\/fr\/"},{"@type":"ListItem","position":2,"name":"Avocat en immobilier"}]},{"@type":"WebSite","@id":"https:\/\/shalom-law.co.il\/fr\/#website","url":"https:\/\/shalom-law.co.il\/fr\/","name":"\u05e2\u05d5\u2019\u2019\u05d3 \u05e9\u05d9 \u05e9\u05dc\u05d5\u05dd \u05de\u05d5\u05de\u05d7\u05d4 \u05d1\u05d4\u05ea\u05d7\u05d3\u05e9\u05d5\u05ea \u05e2\u05d9\u05e8\u05d5\u05e0\u05d9\u05ea","description":"","publisher":{"@id":"https:\/\/shalom-law.co.il\/fr\/#organization"},"potentialAction":[{"@type":"SearchAction","target":{"@type":"EntryPoint","urlTemplate":"https:\/\/shalom-law.co.il\/fr\/?s={search_term_string}"},"query-input":{"@type":"PropertyValueSpecification","valueRequired":true,"valueName":"search_term_string"}}],"inLanguage":"fr-FR"},{"@type":"Organization","@id":"https:\/\/shalom-law.co.il\/fr\/#organization","name":"\u05e2\u05d5\u2019\u2019\u05d3 \u05e9\u05d9 \u05e9\u05dc\u05d5\u05dd \u05de\u05d5\u05de\u05d7\u05d4 \u05d1\u05d4\u05ea\u05d7\u05d3\u05e9\u05d5\u05ea \u05e2\u05d9\u05e8\u05d5\u05e0\u05d9\u05ea","url":"https:\/\/shalom-law.co.il\/fr\/","logo":{"@type":"ImageObject","inLanguage":"fr-FR","@id":"https:\/\/shalom-law.co.il\/fr\/#\/schema\/logo\/image\/","url":"https:\/\/shalom-law.co.il\/wp-content\/uploads\/2025\/09\/logo.svg","contentUrl":"https:\/\/shalom-law.co.il\/wp-content\/uploads\/2025\/09\/logo.svg","width":178,"height":60,"caption":"\u05e2\u05d5\u2019\u2019\u05d3 \u05e9\u05d9 \u05e9\u05dc\u05d5\u05dd \u05de\u05d5\u05de\u05d7\u05d4 \u05d1\u05d4\u05ea\u05d7\u05d3\u05e9\u05d5\u05ea \u05e2\u05d9\u05e8\u05d5\u05e0\u05d9\u05ea"},"image":{"@id":"https:\/\/shalom-law.co.il\/fr\/#\/schema\/logo\/image\/"}}]}},"_links":{"self":[{"href":"https:\/\/shalom-law.co.il\/fr\/wp-json\/wp\/v2\/pages\/5643","targetHints":{"allow":["GET"]}}],"collection":[{"href":"https:\/\/shalom-law.co.il\/fr\/wp-json\/wp\/v2\/pages"}],"about":[{"href":"https:\/\/shalom-law.co.il\/fr\/wp-json\/wp\/v2\/types\/page"}],"author":[{"embeddable":true,"href":"https:\/\/shalom-law.co.il\/fr\/wp-json\/wp\/v2\/users\/1"}],"replies":[{"embeddable":true,"href":"https:\/\/shalom-law.co.il\/fr\/wp-json\/wp\/v2\/comments?post=5643"}],"version-history":[{"count":20,"href":"https:\/\/shalom-law.co.il\/fr\/wp-json\/wp\/v2\/pages\/5643\/revisions"}],"predecessor-version":[{"id":6123,"href":"https:\/\/shalom-law.co.il\/fr\/wp-json\/wp\/v2\/pages\/5643\/revisions\/6123"}],"wp:attachment":[{"href":"https:\/\/shalom-law.co.il\/fr\/wp-json\/wp\/v2\/media?parent=5643"}],"curies":[{"name":"wp","href":"https:\/\/api.w.org\/{rel}","templated":true}]}}