{"id":5714,"date":"2025-09-03T14:56:06","date_gmt":"2025-09-03T11:56:06","guid":{"rendered":"https:\/\/shalom-law.co.il\/dans-les-medias\/"},"modified":"2025-12-17T21:05:05","modified_gmt":"2025-12-17T19:05:05","slug":"dans-les-medias","status":"publish","type":"page","link":"https:\/\/shalom-law.co.il\/fr\/dans-les-medias\/","title":{"rendered":"M\u00e9dias"},"content":{"rendered":"\t\t<div data-elementor-type=\"wp-page\" data-elementor-id=\"5714\" class=\"elementor elementor-5714 elementor-24\" data-elementor-post-type=\"page\">\n\t\t\t\t<div class=\"elementor-element elementor-element-2cfcf2c e-con-full e-flex e-con e-parent\" data-id=\"2cfcf2c\" data-element_type=\"container\" data-e-type=\"container\" data-settings=\"{&quot;background_background&quot;:&quot;classic&quot;}\">\n\t\t\t\t<\/div>\n\t\t<div class=\"elementor-element elementor-element-bdb49f9 e-con-full e-flex e-con e-parent\" data-id=\"bdb49f9\" data-element_type=\"container\" data-e-type=\"container\">\n\t\t<div class=\"elementor-element elementor-element-e2e6058 e-con-full e-flex e-con e-child\" data-id=\"e2e6058\" data-element_type=\"container\" data-e-type=\"container\" data-settings=\"{&quot;background_background&quot;:&quot;classic&quot;}\">\n\t\t\t\t<div class=\"elementor-element elementor-element-32b90ea elementor-position-right elementor-vertical-align-top elementor-widget elementor-widget-image-box\" data-id=\"32b90ea\" data-element_type=\"widget\" data-e-type=\"widget\" data-widget_type=\"image-box.default\">\n\t\t\t\t\t<div class=\"elementor-image-box-wrapper\"><figure class=\"elementor-image-box-img\"><a href=\"https:\/\/www.globes.co.il\/news\/article.aspx?did=1001292502\" target=\"_blank\" tabindex=\"-1\"><img fetchpriority=\"high\" decoding=\"async\" width=\"1920\" height=\"1280\" src=\"https:\/\/shalom-law.co.il\/wp-content\/uploads\/2025\/11\/scaffolding-with-protection-building.webp\" class=\"attachment-full size-full wp-image-5713\" alt=\"TAMA 38 \u00e0 Raanana&nbsp;: 60&nbsp;appartements au lieu de&nbsp;24, en un peu moins de 3&nbsp;ans\" srcset=\"https:\/\/shalom-law.co.il\/wp-content\/uploads\/2025\/11\/scaffolding-with-protection-building.webp 1920w, https:\/\/shalom-law.co.il\/wp-content\/uploads\/2025\/11\/scaffolding-with-protection-building-300x200.webp 300w, https:\/\/shalom-law.co.il\/wp-content\/uploads\/2025\/11\/scaffolding-with-protection-building-1024x683.webp 1024w, https:\/\/shalom-law.co.il\/wp-content\/uploads\/2025\/11\/scaffolding-with-protection-building-768x512.webp 768w, https:\/\/shalom-law.co.il\/wp-content\/uploads\/2025\/11\/scaffolding-with-protection-building-1536x1024.webp 1536w\" sizes=\"(max-width: 1920px) 100vw, 1920px\" \/><\/a><\/figure><div class=\"elementor-image-box-content\"><h3 class=\"elementor-image-box-title\"><a href=\"https:\/\/www.globes.co.il\/news\/article.aspx?did=1001292502\" target=\"_blank\">TAMA 38 \u00e0 Raanana&nbsp;: 60&nbsp;appartements au lieu de&nbsp;24, en un peu moins de 3&nbsp;ans<\/a><\/h3><p class=\"elementor-image-box-description\">Les deux b\u00e2timents situ\u00e9s rue Arlozorov&nbsp;16-18 seront d\u00e9molis et remplac\u00e9s par deux b\u00e2timents de sept&nbsp;\u00e9tages\n<\/p><\/div><\/div>\t\t\t\t<\/div>\n\t\t\t\t<\/div>\n\t\t<div class=\"elementor-element elementor-element-bdf07bc e-con-full e-flex e-con e-child\" data-id=\"bdf07bc\" data-element_type=\"container\" data-e-type=\"container\">\n\t\t\t\t<\/div>\n\t\t\t\t<\/div>\n\t\t\t\t<\/div>\n\t\t","protected":false},"excerpt":{"rendered":"<p>TAMA 38 \u00e0 Raanana&nbsp;: 60&nbsp;appartements au lieu de&nbsp;24, en un peu moins de 3&nbsp;ans Les deux b\u00e2timents situ\u00e9s rue Arlozorov&nbsp;16-18 seront d\u00e9molis et remplac\u00e9s par deux b\u00e2timents de sept&nbsp;\u00e9tages<\/p>\n","protected":false},"author":1,"featured_media":0,"parent":0,"menu_order":0,"comment_status":"closed","ping_status":"closed","template":"elementor_header_footer","meta":{"footnotes":""},"class_list":["post-5714","page","type-page","status-publish","hentry"],"yoast_head":"<!-- This site is optimized with the Yoast SEO plugin v27.3 - https:\/\/yoast.com\/product\/yoast-seo-wordpress\/ -->\n<title>Articles de presse de l&#039;avocat Shay Shalom<\/title>\n<meta name=\"description\" content=\"Articles de presse de l&#039;avocat Shay Shalom\" \/>\n<meta name=\"robots\" content=\"index, follow, max-snippet:-1, max-image-preview:large, max-video-preview:-1\" \/>\n<link rel=\"canonical\" href=\"https:\/\/shalom-law.co.il\/fr\/dans-les-medias\/\" \/>\n<meta property=\"og:locale\" content=\"fr_FR\" \/>\n<meta property=\"og:type\" content=\"article\" \/>\n<meta property=\"og:title\" content=\"Articles de presse de l&#039;avocat Shay Shalom\" \/>\n<meta property=\"og:description\" content=\"Articles de presse de l&#039;avocat Shay Shalom\" \/>\n<meta property=\"og:url\" content=\"https:\/\/shalom-law.co.il\/fr\/dans-les-medias\/\" \/>\n<meta property=\"og:site_name\" content=\"\u05e2\u05d5\u2019\u2019\u05d3 \u05e9\u05d9 \u05e9\u05dc\u05d5\u05dd \u05de\u05d5\u05de\u05d7\u05d4 \u05d1\u05d4\u05ea\u05d7\u05d3\u05e9\u05d5\u05ea \u05e2\u05d9\u05e8\u05d5\u05e0\u05d9\u05ea\" \/>\n<meta property=\"article:modified_time\" content=\"2025-12-17T19:05:05+00:00\" \/>\n<meta property=\"og:image\" content=\"https:\/\/shalom-law.co.il\/wp-content\/uploads\/2025\/11\/scaffolding-with-protection-building.webp\" \/>\n\t<meta property=\"og:image:width\" content=\"1920\" \/>\n\t<meta property=\"og:image:height\" content=\"1280\" \/>\n\t<meta property=\"og:image:type\" content=\"image\/webp\" \/>\n<meta name=\"twitter:card\" content=\"summary_large_image\" \/>\n<meta name=\"twitter:title\" content=\"Articles de presse de l&#039;avocat Shay Shalom\" \/>\n<meta name=\"twitter:description\" content=\"Articles de presse de l&#039;avocat Shay Shalom\" \/>\n<meta name=\"twitter:label1\" content=\"Dur\u00e9e de lecture estim\u00e9e\" \/>\n\t<meta name=\"twitter:data1\" content=\"1 minute\" \/>\n<script type=\"application\/ld+json\" class=\"yoast-schema-graph\">{\"@context\":\"https:\\\/\\\/schema.org\",\"@graph\":[{\"@type\":\"WebPage\",\"@id\":\"https:\\\/\\\/shalom-law.co.il\\\/fr\\\/dans-les-medias\\\/\",\"url\":\"https:\\\/\\\/shalom-law.co.il\\\/fr\\\/dans-les-medias\\\/\",\"name\":\"Articles de presse de l'avocat Shay Shalom\",\"isPartOf\":{\"@id\":\"https:\\\/\\\/shalom-law.co.il\\\/fr\\\/#website\"},\"primaryImageOfPage\":{\"@id\":\"https:\\\/\\\/shalom-law.co.il\\\/fr\\\/dans-les-medias\\\/#primaryimage\"},\"image\":{\"@id\":\"https:\\\/\\\/shalom-law.co.il\\\/fr\\\/dans-les-medias\\\/#primaryimage\"},\"thumbnailUrl\":\"https:\\\/\\\/shalom-law.co.il\\\/wp-content\\\/uploads\\\/2025\\\/11\\\/scaffolding-with-protection-building.webp\",\"datePublished\":\"2025-09-03T11:56:06+00:00\",\"dateModified\":\"2025-12-17T19:05:05+00:00\",\"description\":\"Articles de presse de l'avocat Shay Shalom\",\"breadcrumb\":{\"@id\":\"https:\\\/\\\/shalom-law.co.il\\\/fr\\\/dans-les-medias\\\/#breadcrumb\"},\"inLanguage\":\"fr-FR\",\"potentialAction\":[{\"@type\":\"ReadAction\",\"target\":[\"https:\\\/\\\/shalom-law.co.il\\\/fr\\\/dans-les-medias\\\/\"]}]},{\"@type\":\"ImageObject\",\"inLanguage\":\"fr-FR\",\"@id\":\"https:\\\/\\\/shalom-law.co.il\\\/fr\\\/dans-les-medias\\\/#primaryimage\",\"url\":\"https:\\\/\\\/shalom-law.co.il\\\/wp-content\\\/uploads\\\/2025\\\/11\\\/scaffolding-with-protection-building.webp\",\"contentUrl\":\"https:\\\/\\\/shalom-law.co.il\\\/wp-content\\\/uploads\\\/2025\\\/11\\\/scaffolding-with-protection-building.webp\"},{\"@type\":\"BreadcrumbList\",\"@id\":\"https:\\\/\\\/shalom-law.co.il\\\/fr\\\/dans-les-medias\\\/#breadcrumb\",\"itemListElement\":[{\"@type\":\"ListItem\",\"position\":1,\"name\":\"\u05d3\u05e3 \u05d4\u05d1\u05d9\u05ea\",\"item\":\"https:\\\/\\\/shalom-law.co.il\\\/fr\\\/\"},{\"@type\":\"ListItem\",\"position\":2,\"name\":\"M\u00e9dias\"}]},{\"@type\":\"WebSite\",\"@id\":\"https:\\\/\\\/shalom-law.co.il\\\/fr\\\/#website\",\"url\":\"https:\\\/\\\/shalom-law.co.il\\\/fr\\\/\",\"name\":\"\u05e2\u05d5\u2019\u2019\u05d3 \u05e9\u05d9 \u05e9\u05dc\u05d5\u05dd \u05de\u05d5\u05de\u05d7\u05d4 \u05d1\u05d4\u05ea\u05d7\u05d3\u05e9\u05d5\u05ea \u05e2\u05d9\u05e8\u05d5\u05e0\u05d9\u05ea\",\"description\":\"\",\"publisher\":{\"@id\":\"https:\\\/\\\/shalom-law.co.il\\\/fr\\\/#organization\"},\"potentialAction\":[{\"@type\":\"SearchAction\",\"target\":{\"@type\":\"EntryPoint\",\"urlTemplate\":\"https:\\\/\\\/shalom-law.co.il\\\/fr\\\/?s={search_term_string}\"},\"query-input\":{\"@type\":\"PropertyValueSpecification\",\"valueRequired\":true,\"valueName\":\"search_term_string\"}}],\"inLanguage\":\"fr-FR\"},{\"@type\":\"Organization\",\"@id\":\"https:\\\/\\\/shalom-law.co.il\\\/fr\\\/#organization\",\"name\":\"\u05e2\u05d5\u2019\u2019\u05d3 \u05e9\u05d9 \u05e9\u05dc\u05d5\u05dd \u05de\u05d5\u05de\u05d7\u05d4 \u05d1\u05d4\u05ea\u05d7\u05d3\u05e9\u05d5\u05ea \u05e2\u05d9\u05e8\u05d5\u05e0\u05d9\u05ea\",\"url\":\"https:\\\/\\\/shalom-law.co.il\\\/fr\\\/\",\"logo\":{\"@type\":\"ImageObject\",\"inLanguage\":\"fr-FR\",\"@id\":\"https:\\\/\\\/shalom-law.co.il\\\/fr\\\/#\\\/schema\\\/logo\\\/image\\\/\",\"url\":\"https:\\\/\\\/shalom-law.co.il\\\/wp-content\\\/uploads\\\/2025\\\/09\\\/logo.svg\",\"contentUrl\":\"https:\\\/\\\/shalom-law.co.il\\\/wp-content\\\/uploads\\\/2025\\\/09\\\/logo.svg\",\"width\":178,\"height\":60,\"caption\":\"\u05e2\u05d5\u2019\u2019\u05d3 \u05e9\u05d9 \u05e9\u05dc\u05d5\u05dd \u05de\u05d5\u05de\u05d7\u05d4 \u05d1\u05d4\u05ea\u05d7\u05d3\u05e9\u05d5\u05ea \u05e2\u05d9\u05e8\u05d5\u05e0\u05d9\u05ea\"},\"image\":{\"@id\":\"https:\\\/\\\/shalom-law.co.il\\\/fr\\\/#\\\/schema\\\/logo\\\/image\\\/\"}}]}<\/script>\n<!-- \/ Yoast SEO plugin. -->","yoast_head_json":{"title":"Articles de presse de l'avocat Shay Shalom","description":"Articles de presse de l'avocat Shay Shalom","robots":{"index":"index","follow":"follow","max-snippet":"max-snippet:-1","max-image-preview":"max-image-preview:large","max-video-preview":"max-video-preview:-1"},"canonical":"https:\/\/shalom-law.co.il\/fr\/dans-les-medias\/","og_locale":"fr_FR","og_type":"article","og_title":"Articles de presse de l'avocat Shay Shalom","og_description":"Articles de presse de l'avocat Shay Shalom","og_url":"https:\/\/shalom-law.co.il\/fr\/dans-les-medias\/","og_site_name":"\u05e2\u05d5\u2019\u2019\u05d3 \u05e9\u05d9 \u05e9\u05dc\u05d5\u05dd \u05de\u05d5\u05de\u05d7\u05d4 \u05d1\u05d4\u05ea\u05d7\u05d3\u05e9\u05d5\u05ea \u05e2\u05d9\u05e8\u05d5\u05e0\u05d9\u05ea","article_modified_time":"2025-12-17T19:05:05+00:00","og_image":[{"width":1920,"height":1280,"url":"https:\/\/shalom-law.co.il\/wp-content\/uploads\/2025\/11\/scaffolding-with-protection-building.webp","type":"image\/webp"}],"twitter_card":"summary_large_image","twitter_title":"Articles de presse de l'avocat Shay Shalom","twitter_description":"Articles de presse de l'avocat Shay Shalom","twitter_misc":{"Dur\u00e9e de lecture estim\u00e9e":"1 minute"},"schema":{"@context":"https:\/\/schema.org","@graph":[{"@type":"WebPage","@id":"https:\/\/shalom-law.co.il\/fr\/dans-les-medias\/","url":"https:\/\/shalom-law.co.il\/fr\/dans-les-medias\/","name":"Articles de presse de l'avocat Shay Shalom","isPartOf":{"@id":"https:\/\/shalom-law.co.il\/fr\/#website"},"primaryImageOfPage":{"@id":"https:\/\/shalom-law.co.il\/fr\/dans-les-medias\/#primaryimage"},"image":{"@id":"https:\/\/shalom-law.co.il\/fr\/dans-les-medias\/#primaryimage"},"thumbnailUrl":"https:\/\/shalom-law.co.il\/wp-content\/uploads\/2025\/11\/scaffolding-with-protection-building.webp","datePublished":"2025-09-03T11:56:06+00:00","dateModified":"2025-12-17T19:05:05+00:00","description":"Articles de presse de l'avocat Shay Shalom","breadcrumb":{"@id":"https:\/\/shalom-law.co.il\/fr\/dans-les-medias\/#breadcrumb"},"inLanguage":"fr-FR","potentialAction":[{"@type":"ReadAction","target":["https:\/\/shalom-law.co.il\/fr\/dans-les-medias\/"]}]},{"@type":"ImageObject","inLanguage":"fr-FR","@id":"https:\/\/shalom-law.co.il\/fr\/dans-les-medias\/#primaryimage","url":"https:\/\/shalom-law.co.il\/wp-content\/uploads\/2025\/11\/scaffolding-with-protection-building.webp","contentUrl":"https:\/\/shalom-law.co.il\/wp-content\/uploads\/2025\/11\/scaffolding-with-protection-building.webp"},{"@type":"BreadcrumbList","@id":"https:\/\/shalom-law.co.il\/fr\/dans-les-medias\/#breadcrumb","itemListElement":[{"@type":"ListItem","position":1,"name":"\u05d3\u05e3 \u05d4\u05d1\u05d9\u05ea","item":"https:\/\/shalom-law.co.il\/fr\/"},{"@type":"ListItem","position":2,"name":"M\u00e9dias"}]},{"@type":"WebSite","@id":"https:\/\/shalom-law.co.il\/fr\/#website","url":"https:\/\/shalom-law.co.il\/fr\/","name":"\u05e2\u05d5\u2019\u2019\u05d3 \u05e9\u05d9 \u05e9\u05dc\u05d5\u05dd \u05de\u05d5\u05de\u05d7\u05d4 \u05d1\u05d4\u05ea\u05d7\u05d3\u05e9\u05d5\u05ea \u05e2\u05d9\u05e8\u05d5\u05e0\u05d9\u05ea","description":"","publisher":{"@id":"https:\/\/shalom-law.co.il\/fr\/#organization"},"potentialAction":[{"@type":"SearchAction","target":{"@type":"EntryPoint","urlTemplate":"https:\/\/shalom-law.co.il\/fr\/?s={search_term_string}"},"query-input":{"@type":"PropertyValueSpecification","valueRequired":true,"valueName":"search_term_string"}}],"inLanguage":"fr-FR"},{"@type":"Organization","@id":"https:\/\/shalom-law.co.il\/fr\/#organization","name":"\u05e2\u05d5\u2019\u2019\u05d3 \u05e9\u05d9 \u05e9\u05dc\u05d5\u05dd \u05de\u05d5\u05de\u05d7\u05d4 \u05d1\u05d4\u05ea\u05d7\u05d3\u05e9\u05d5\u05ea \u05e2\u05d9\u05e8\u05d5\u05e0\u05d9\u05ea","url":"https:\/\/shalom-law.co.il\/fr\/","logo":{"@type":"ImageObject","inLanguage":"fr-FR","@id":"https:\/\/shalom-law.co.il\/fr\/#\/schema\/logo\/image\/","url":"https:\/\/shalom-law.co.il\/wp-content\/uploads\/2025\/09\/logo.svg","contentUrl":"https:\/\/shalom-law.co.il\/wp-content\/uploads\/2025\/09\/logo.svg","width":178,"height":60,"caption":"\u05e2\u05d5\u2019\u2019\u05d3 \u05e9\u05d9 \u05e9\u05dc\u05d5\u05dd \u05de\u05d5\u05de\u05d7\u05d4 \u05d1\u05d4\u05ea\u05d7\u05d3\u05e9\u05d5\u05ea \u05e2\u05d9\u05e8\u05d5\u05e0\u05d9\u05ea"},"image":{"@id":"https:\/\/shalom-law.co.il\/fr\/#\/schema\/logo\/image\/"}}]}},"_links":{"self":[{"href":"https:\/\/shalom-law.co.il\/fr\/wp-json\/wp\/v2\/pages\/5714","targetHints":{"allow":["GET"]}}],"collection":[{"href":"https:\/\/shalom-law.co.il\/fr\/wp-json\/wp\/v2\/pages"}],"about":[{"href":"https:\/\/shalom-law.co.il\/fr\/wp-json\/wp\/v2\/types\/page"}],"author":[{"embeddable":true,"href":"https:\/\/shalom-law.co.il\/fr\/wp-json\/wp\/v2\/users\/1"}],"replies":[{"embeddable":true,"href":"https:\/\/shalom-law.co.il\/fr\/wp-json\/wp\/v2\/comments?post=5714"}],"version-history":[{"count":5,"href":"https:\/\/shalom-law.co.il\/fr\/wp-json\/wp\/v2\/pages\/5714\/revisions"}],"predecessor-version":[{"id":6089,"href":"https:\/\/shalom-law.co.il\/fr\/wp-json\/wp\/v2\/pages\/5714\/revisions\/6089"}],"wp:attachment":[{"href":"https:\/\/shalom-law.co.il\/fr\/wp-json\/wp\/v2\/media?parent=5714"}],"curies":[{"name":"wp","href":"https:\/\/api.w.org\/{rel}","templated":true}]}}