{"id":6576,"date":"2025-12-18T15:41:03","date_gmt":"2025-12-18T13:41:03","guid":{"rendered":"https:\/\/shalom-law.co.il\/declaration-daccessibilite\/"},"modified":"2025-12-21T10:49:54","modified_gmt":"2025-12-21T08:49:54","slug":"declaration-daccessibilite","status":"publish","type":"page","link":"https:\/\/shalom-law.co.il\/fr\/declaration-daccessibilite\/","title":{"rendered":"D\u00e9claration d&rsquo;accessibilit\u00e9"},"content":{"rendered":"\t\t<div data-elementor-type=\"wp-page\" data-elementor-id=\"6576\" class=\"elementor elementor-6576 elementor-6559\" data-elementor-post-type=\"page\">\n\t\t\t\t<div class=\"elementor-element elementor-element-92bba93 e-con-full e-transform e-flex e-con e-parent\" data-id=\"92bba93\" data-element_type=\"container\" data-e-type=\"container\" data-settings=\"{&quot;background_background&quot;:&quot;classic&quot;,&quot;_transform_scale_effect&quot;:{&quot;unit&quot;:&quot;px&quot;,&quot;size&quot;:0.98,&quot;sizes&quot;:[]},&quot;_transform_scale_effect_tablet&quot;:{&quot;unit&quot;:&quot;px&quot;,&quot;size&quot;:&quot;&quot;,&quot;sizes&quot;:[]},&quot;_transform_scale_effect_mobile&quot;:{&quot;unit&quot;:&quot;px&quot;,&quot;size&quot;:&quot;&quot;,&quot;sizes&quot;:[]}}\">\n\t\t\t\t<div class=\"elementor-element elementor-element-44840b1 elementor-widget elementor-widget-heading\" data-id=\"44840b1\" data-element_type=\"widget\" data-e-type=\"widget\" data-widget_type=\"heading.default\">\n\t\t\t\t\t<h2 class=\"elementor-heading-title elementor-size-default\">D\u00e9claration d'accessibilit\u00e9<\/h2>\t\t\t\t<\/div>\n\t\t\t\t<div class=\"elementor-element elementor-element-209bc8d elementor-widget elementor-widget-text-editor\" data-id=\"209bc8d\" data-element_type=\"widget\" data-e-type=\"widget\" data-widget_type=\"text-editor.default\">\n\t\t\t\t\t\t\t\t\t<div class=\"elementor-element elementor-element-5ee0398 elementor-widget elementor-widget-heading\" data-id=\"5ee0398\" data-element_type=\"widget\" data-widget_type=\"heading.default\"><div class=\"elementor-widget-container\"><p>Nous accordons une grande importance \u00e0 la fourniture d&rsquo;un service \u00e9quitable \u00e0 tous les clients et visiteurs, ainsi qu&rsquo;\u00e0 l&rsquo;am\u00e9lioration du service fourni aux clients et aux visiteurs handicap\u00e9s. Par cons\u00e9quent, nous investissons de nombreuses ressources dans l&rsquo;accessibilit\u00e9 de notre site afin de le rendre plus accessible aux personnes handicap\u00e9es. <\/p><p><strong>Accessibilit\u00e9 du site web<\/strong><span style=\"font-weight: 400;\"><br><\/span><span style=\"font-weight: 400;\">L&rsquo;accessibilit\u00e9 du site est con\u00e7ue pour le rendre plus accessible, convivial et facile \u00e0 utiliser pour les personnes ayant des besoins sp\u00e9ciaux, d\u00e9coulant entre autres de divers handicaps moteurs, de troubles cognitifs, de d\u00e9ficience visuelle, de c\u00e9cit\u00e9 ou de daltonisme, de d\u00e9ficience auditive, ainsi que pour les personnes \u00e2g\u00e9es.<\/span><\/p><p><span style=\"font-weight: 400;\">Nous nous effor\u00e7ons de faire en sorte que notre site r\u00e9ponde aux exigences du r\u00e8glement sur l&rsquo;\u00e9galit\u00e9 des droits des personnes handicap\u00e9es (adaptations d&rsquo;accessibilit\u00e9 aux services) 5773-2013, au niveau de la norme requise. Nous mettons \u00e9galement en \u0153uvre les recommandations du document WCAG2.0 de l&rsquo;organisation W3C. <\/span><\/p><p><strong>Corrections et adaptations effectu\u00e9es :<\/strong><span style=\"font-weight: 400;\"><br><\/span><span style=\"font-weight: 400;\">* Le site est adapt\u00e9 aux navigateurs courants<\/span><span style=\"font-weight: 400;\"><br><\/span><span style=\"font-weight: 400;\">* Le site est adapt\u00e9 \u00e0 une utilisation sur t\u00e9l\u00e9phone portable.<\/span><span style=\"font-weight: 400;\"><br><\/span><span style=\"font-weight: 400;\">* Le site est adapt\u00e9 \u00e0 un affichage compatible avec une vari\u00e9t\u00e9 d&rsquo;\u00e9crans et de r\u00e9solutions.<\/span><span style=\"font-weight: 400;\"><br><\/span><span style=\"font-weight: 400;\">* Les moyens de navigation sur le site sont simples et clairs.<\/span><span style=\"font-weight: 400;\"><br><\/span><span style=\"font-weight: 400;\">* Le contenu du site est \u00e9crit de mani\u00e8re claire, ordonn\u00e9e et hi\u00e9rarchique.<\/span><span style=\"font-weight: 400;\"><br><\/span><span style=\"font-weight: 400;\">* Le contenu du site est \u00e9crit dans un langage simple et clair.<\/span><span style=\"font-weight: 400;\"><br><\/span><span style=\"font-weight: 400;\">* Toutes les pages du site ont une structure fixe.<\/span><span style=\"font-weight: 400;\"><br><\/span><span style=\"font-weight: 400;\">* La plupart des images du site ont une explication textuelle alternative (alt).<\/span><span style=\"font-weight: 400;\"><br><\/span><span style=\"font-weight: 400;\">* Le site permet de modifier la taille de la police en utilisant la touche Ctrl et la touche + du clavier<\/span><span style=\"font-weight: 400;\"><br><\/span><span style=\"font-weight: 400;\">* Le site n&rsquo;utilise pas d&rsquo;affichage de texte anim\u00e9 ou clignotant.<\/span><\/p><p><strong>Limitations d&rsquo;accessibilit\u00e9<\/strong><span style=\"font-weight: 400;\"><br><\/span><span style=\"font-weight: 400;\">Il est important de noter que, malgr\u00e9 nos efforts pour rendre accessibles toutes les pages du site, et malgr\u00e9 nos activit\u00e9s pour am\u00e9liorer l&rsquo;accessibilit\u00e9 du site, il est possible que certaines parties ou fonctionnalit\u00e9s ne soient pas correctement rendues accessibles ou ne l&rsquo;aient pas encore \u00e9t\u00e9.<\/span><span style=\"font-weight: 400;\"><br><\/span><span style=\"font-weight: 400;\">Si vous rencontrez un probl\u00e8me concernant l&rsquo;accessibilit\u00e9 du site, nous vous serions reconnaissants de nous \u00e9crire, en contactant notre coordinateur d&rsquo;accessibilit\u00e9 par e-mail <span id=\"E341\" class=\"qowt-font4-David\">Shay@Shalom-Law.co.ill<\/span>.<\/span><\/p><p><span style=\"font-weight: 400;\">Afin que nous puissions traiter le probl\u00e8me de la meilleure fa\u00e7on possible, nous vous recommandons vivement de joindre autant de d\u00e9tails que possible :<\/span><span style=\"font-weight: 400;\"><br><\/span><span style=\"font-weight: 400;\">* Description du probl\u00e8me<\/span><span style=\"font-weight: 400;\"><br><\/span><span style=\"font-weight: 400;\">* Quelle est l&rsquo;action que vous avez essay\u00e9 d&rsquo;effectuer<\/span><span style=\"font-weight: 400;\"><br><\/span><span style=\"font-weight: 400;\">* Lien vers la page que vous avez consult\u00e9e<\/span><span style=\"font-weight: 400;\"><br><\/span><span style=\"font-weight: 400;\">* Type de navigateur et sa version<\/span><span style=\"font-weight: 400;\"><br><\/span><span style=\"font-weight: 400;\">* Syst\u00e8me d&rsquo;exploitation<\/span><span style=\"font-weight: 400;\"><br><\/span><span style=\"font-weight: 400;\">* Type de technologie d&rsquo;assistance (si vous en avez utilis\u00e9)<\/span><\/p><p><span style=\"font-weight: 400;\">Nous ferons tout notre possible pour rendre le site accessible de la meilleure fa\u00e7on possible et pour r\u00e9pondre aux demandes de mani\u00e8re professionnelle et rapide.<\/span><\/p><p><strong>Coordonn\u00e9es du coordinateur d&rsquo;accessibilit\u00e9 de notre cabinet :<\/strong><span style=\"font-weight: 400;\"><br><\/span><span style=\"font-weight: 400;\">Nom : Shay Shalom<\/span><span style=\"font-weight: 400;\"><br><\/span><span style=\"font-weight: 400;\"><span id=\"E338\" class=\"qowt-font4-David\">T\u00e9l\u00e9phone : 09-7773955 | Fax : 09-8320129<\/span><br><\/span><span style=\"font-weight: 400;\">E-mail : <span id=\"E341\" class=\"qowt-font4-David\">Shay@Shalom-Law.co.ill<\/span><\/span><\/p><p><span style=\"font-weight: 400;\">La d\u00e9claration d&rsquo;accessibilit\u00e9 a \u00e9t\u00e9 mise \u00e0 jour le : 07\/09\/22<\/span><\/p><\/div><\/div>\t\t\t\t\t\t\t\t<\/div>\n\t\t\t\t<\/div>\n\t\t\t\t<\/div>\n\t\t","protected":false},"excerpt":{"rendered":"<p>D\u00e9claration d&rsquo;accessibilit\u00e9 Nous accordons une grande importance \u00e0 la fourniture d&rsquo;un service \u00e9quitable \u00e0 tous les clients et visiteurs, ainsi qu&rsquo;\u00e0 l&rsquo;am\u00e9lioration du service fourni aux clients et aux visiteurs handicap\u00e9s. Par cons\u00e9quent, nous investissons de nombreuses ressources dans l&rsquo;accessibilit\u00e9 de notre site afin de le rendre plus accessible aux personnes handicap\u00e9es. Accessibilit\u00e9 du site [&hellip;]<\/p>\n","protected":false},"author":1,"featured_media":0,"parent":0,"menu_order":0,"comment_status":"closed","ping_status":"closed","template":"elementor_header_footer","meta":{"footnotes":""},"class_list":["post-6576","page","type-page","status-publish","hentry"],"yoast_head":"<!-- This site is optimized with the Yoast SEO plugin v27.3 - https:\/\/yoast.com\/product\/yoast-seo-wordpress\/ -->\n<title>D\u00e9claration d&#039;accessibilit\u00e9 - \u05e2\u05d5\u2019\u2019\u05d3 \u05e9\u05d9 \u05e9\u05dc\u05d5\u05dd \u05de\u05d5\u05de\u05d7\u05d4 \u05d1\u05d4\u05ea\u05d7\u05d3\u05e9\u05d5\u05ea \u05e2\u05d9\u05e8\u05d5\u05e0\u05d9\u05ea<\/title>\n<meta name=\"robots\" content=\"index, follow, max-snippet:-1, max-image-preview:large, max-video-preview:-1\" \/>\n<link rel=\"canonical\" href=\"https:\/\/shalom-law.co.il\/fr\/declaration-daccessibilite\/\" \/>\n<meta property=\"og:locale\" content=\"fr_FR\" \/>\n<meta property=\"og:type\" content=\"article\" \/>\n<meta property=\"og:title\" content=\"D\u00e9claration d&#039;accessibilit\u00e9 - \u05e2\u05d5\u2019\u2019\u05d3 \u05e9\u05d9 \u05e9\u05dc\u05d5\u05dd \u05de\u05d5\u05de\u05d7\u05d4 \u05d1\u05d4\u05ea\u05d7\u05d3\u05e9\u05d5\u05ea \u05e2\u05d9\u05e8\u05d5\u05e0\u05d9\u05ea\" \/>\n<meta property=\"og:description\" content=\"D\u00e9claration d&rsquo;accessibilit\u00e9 Nous accordons une grande importance \u00e0 la fourniture d&rsquo;un service \u00e9quitable \u00e0 tous les clients et visiteurs, ainsi qu&rsquo;\u00e0 l&rsquo;am\u00e9lioration du service fourni aux clients et aux visiteurs handicap\u00e9s. Par cons\u00e9quent, nous investissons de nombreuses ressources dans l&rsquo;accessibilit\u00e9 de notre site afin de le rendre plus accessible aux personnes handicap\u00e9es. Accessibilit\u00e9 du site [&hellip;]\" \/>\n<meta property=\"og:url\" content=\"https:\/\/shalom-law.co.il\/fr\/declaration-daccessibilite\/\" \/>\n<meta property=\"og:site_name\" content=\"\u05e2\u05d5\u2019\u2019\u05d3 \u05e9\u05d9 \u05e9\u05dc\u05d5\u05dd \u05de\u05d5\u05de\u05d7\u05d4 \u05d1\u05d4\u05ea\u05d7\u05d3\u05e9\u05d5\u05ea \u05e2\u05d9\u05e8\u05d5\u05e0\u05d9\u05ea\" \/>\n<meta property=\"article:modified_time\" content=\"2025-12-21T08:49:54+00:00\" \/>\n<meta name=\"twitter:card\" content=\"summary_large_image\" \/>\n<meta name=\"twitter:label1\" content=\"Dur\u00e9e de lecture estim\u00e9e\" \/>\n\t<meta name=\"twitter:data1\" content=\"3 minutes\" \/>\n<script type=\"application\/ld+json\" class=\"yoast-schema-graph\">{\"@context\":\"https:\\\/\\\/schema.org\",\"@graph\":[{\"@type\":\"WebPage\",\"@id\":\"https:\\\/\\\/shalom-law.co.il\\\/fr\\\/declaration-daccessibilite\\\/\",\"url\":\"https:\\\/\\\/shalom-law.co.il\\\/fr\\\/declaration-daccessibilite\\\/\",\"name\":\"D\u00e9claration d'accessibilit\u00e9 - \u05e2\u05d5\u2019\u2019\u05d3 \u05e9\u05d9 \u05e9\u05dc\u05d5\u05dd \u05de\u05d5\u05de\u05d7\u05d4 \u05d1\u05d4\u05ea\u05d7\u05d3\u05e9\u05d5\u05ea \u05e2\u05d9\u05e8\u05d5\u05e0\u05d9\u05ea\",\"isPartOf\":{\"@id\":\"https:\\\/\\\/shalom-law.co.il\\\/fr\\\/#website\"},\"datePublished\":\"2025-12-18T13:41:03+00:00\",\"dateModified\":\"2025-12-21T08:49:54+00:00\",\"breadcrumb\":{\"@id\":\"https:\\\/\\\/shalom-law.co.il\\\/fr\\\/declaration-daccessibilite\\\/#breadcrumb\"},\"inLanguage\":\"fr-FR\",\"potentialAction\":[{\"@type\":\"ReadAction\",\"target\":[\"https:\\\/\\\/shalom-law.co.il\\\/fr\\\/declaration-daccessibilite\\\/\"]}]},{\"@type\":\"BreadcrumbList\",\"@id\":\"https:\\\/\\\/shalom-law.co.il\\\/fr\\\/declaration-daccessibilite\\\/#breadcrumb\",\"itemListElement\":[{\"@type\":\"ListItem\",\"position\":1,\"name\":\"\u05d3\u05e3 \u05d4\u05d1\u05d9\u05ea\",\"item\":\"https:\\\/\\\/shalom-law.co.il\\\/fr\\\/\"},{\"@type\":\"ListItem\",\"position\":2,\"name\":\"D\u00e9claration d'accessibilit\u00e9\"}]},{\"@type\":\"WebSite\",\"@id\":\"https:\\\/\\\/shalom-law.co.il\\\/fr\\\/#website\",\"url\":\"https:\\\/\\\/shalom-law.co.il\\\/fr\\\/\",\"name\":\"\u05e2\u05d5\u2019\u2019\u05d3 \u05e9\u05d9 \u05e9\u05dc\u05d5\u05dd \u05de\u05d5\u05de\u05d7\u05d4 \u05d1\u05d4\u05ea\u05d7\u05d3\u05e9\u05d5\u05ea \u05e2\u05d9\u05e8\u05d5\u05e0\u05d9\u05ea\",\"description\":\"\",\"publisher\":{\"@id\":\"https:\\\/\\\/shalom-law.co.il\\\/fr\\\/#organization\"},\"potentialAction\":[{\"@type\":\"SearchAction\",\"target\":{\"@type\":\"EntryPoint\",\"urlTemplate\":\"https:\\\/\\\/shalom-law.co.il\\\/fr\\\/?s={search_term_string}\"},\"query-input\":{\"@type\":\"PropertyValueSpecification\",\"valueRequired\":true,\"valueName\":\"search_term_string\"}}],\"inLanguage\":\"fr-FR\"},{\"@type\":\"Organization\",\"@id\":\"https:\\\/\\\/shalom-law.co.il\\\/fr\\\/#organization\",\"name\":\"\u05e2\u05d5\u2019\u2019\u05d3 \u05e9\u05d9 \u05e9\u05dc\u05d5\u05dd \u05de\u05d5\u05de\u05d7\u05d4 \u05d1\u05d4\u05ea\u05d7\u05d3\u05e9\u05d5\u05ea \u05e2\u05d9\u05e8\u05d5\u05e0\u05d9\u05ea\",\"url\":\"https:\\\/\\\/shalom-law.co.il\\\/fr\\\/\",\"logo\":{\"@type\":\"ImageObject\",\"inLanguage\":\"fr-FR\",\"@id\":\"https:\\\/\\\/shalom-law.co.il\\\/fr\\\/#\\\/schema\\\/logo\\\/image\\\/\",\"url\":\"https:\\\/\\\/shalom-law.co.il\\\/wp-content\\\/uploads\\\/2025\\\/09\\\/logo.svg\",\"contentUrl\":\"https:\\\/\\\/shalom-law.co.il\\\/wp-content\\\/uploads\\\/2025\\\/09\\\/logo.svg\",\"width\":178,\"height\":60,\"caption\":\"\u05e2\u05d5\u2019\u2019\u05d3 \u05e9\u05d9 \u05e9\u05dc\u05d5\u05dd \u05de\u05d5\u05de\u05d7\u05d4 \u05d1\u05d4\u05ea\u05d7\u05d3\u05e9\u05d5\u05ea \u05e2\u05d9\u05e8\u05d5\u05e0\u05d9\u05ea\"},\"image\":{\"@id\":\"https:\\\/\\\/shalom-law.co.il\\\/fr\\\/#\\\/schema\\\/logo\\\/image\\\/\"}}]}<\/script>\n<!-- \/ Yoast SEO plugin. -->","yoast_head_json":{"title":"D\u00e9claration d'accessibilit\u00e9 - \u05e2\u05d5\u2019\u2019\u05d3 \u05e9\u05d9 \u05e9\u05dc\u05d5\u05dd \u05de\u05d5\u05de\u05d7\u05d4 \u05d1\u05d4\u05ea\u05d7\u05d3\u05e9\u05d5\u05ea \u05e2\u05d9\u05e8\u05d5\u05e0\u05d9\u05ea","robots":{"index":"index","follow":"follow","max-snippet":"max-snippet:-1","max-image-preview":"max-image-preview:large","max-video-preview":"max-video-preview:-1"},"canonical":"https:\/\/shalom-law.co.il\/fr\/declaration-daccessibilite\/","og_locale":"fr_FR","og_type":"article","og_title":"D\u00e9claration d'accessibilit\u00e9 - \u05e2\u05d5\u2019\u2019\u05d3 \u05e9\u05d9 \u05e9\u05dc\u05d5\u05dd \u05de\u05d5\u05de\u05d7\u05d4 \u05d1\u05d4\u05ea\u05d7\u05d3\u05e9\u05d5\u05ea \u05e2\u05d9\u05e8\u05d5\u05e0\u05d9\u05ea","og_description":"D\u00e9claration d&rsquo;accessibilit\u00e9 Nous accordons une grande importance \u00e0 la fourniture d&rsquo;un service \u00e9quitable \u00e0 tous les clients et visiteurs, ainsi qu&rsquo;\u00e0 l&rsquo;am\u00e9lioration du service fourni aux clients et aux visiteurs handicap\u00e9s. Par cons\u00e9quent, nous investissons de nombreuses ressources dans l&rsquo;accessibilit\u00e9 de notre site afin de le rendre plus accessible aux personnes handicap\u00e9es. Accessibilit\u00e9 du site [&hellip;]","og_url":"https:\/\/shalom-law.co.il\/fr\/declaration-daccessibilite\/","og_site_name":"\u05e2\u05d5\u2019\u2019\u05d3 \u05e9\u05d9 \u05e9\u05dc\u05d5\u05dd \u05de\u05d5\u05de\u05d7\u05d4 \u05d1\u05d4\u05ea\u05d7\u05d3\u05e9\u05d5\u05ea \u05e2\u05d9\u05e8\u05d5\u05e0\u05d9\u05ea","article_modified_time":"2025-12-21T08:49:54+00:00","twitter_card":"summary_large_image","twitter_misc":{"Dur\u00e9e de lecture estim\u00e9e":"3 minutes"},"schema":{"@context":"https:\/\/schema.org","@graph":[{"@type":"WebPage","@id":"https:\/\/shalom-law.co.il\/fr\/declaration-daccessibilite\/","url":"https:\/\/shalom-law.co.il\/fr\/declaration-daccessibilite\/","name":"D\u00e9claration d'accessibilit\u00e9 - \u05e2\u05d5\u2019\u2019\u05d3 \u05e9\u05d9 \u05e9\u05dc\u05d5\u05dd \u05de\u05d5\u05de\u05d7\u05d4 \u05d1\u05d4\u05ea\u05d7\u05d3\u05e9\u05d5\u05ea \u05e2\u05d9\u05e8\u05d5\u05e0\u05d9\u05ea","isPartOf":{"@id":"https:\/\/shalom-law.co.il\/fr\/#website"},"datePublished":"2025-12-18T13:41:03+00:00","dateModified":"2025-12-21T08:49:54+00:00","breadcrumb":{"@id":"https:\/\/shalom-law.co.il\/fr\/declaration-daccessibilite\/#breadcrumb"},"inLanguage":"fr-FR","potentialAction":[{"@type":"ReadAction","target":["https:\/\/shalom-law.co.il\/fr\/declaration-daccessibilite\/"]}]},{"@type":"BreadcrumbList","@id":"https:\/\/shalom-law.co.il\/fr\/declaration-daccessibilite\/#breadcrumb","itemListElement":[{"@type":"ListItem","position":1,"name":"\u05d3\u05e3 \u05d4\u05d1\u05d9\u05ea","item":"https:\/\/shalom-law.co.il\/fr\/"},{"@type":"ListItem","position":2,"name":"D\u00e9claration d'accessibilit\u00e9"}]},{"@type":"WebSite","@id":"https:\/\/shalom-law.co.il\/fr\/#website","url":"https:\/\/shalom-law.co.il\/fr\/","name":"\u05e2\u05d5\u2019\u2019\u05d3 \u05e9\u05d9 \u05e9\u05dc\u05d5\u05dd \u05de\u05d5\u05de\u05d7\u05d4 \u05d1\u05d4\u05ea\u05d7\u05d3\u05e9\u05d5\u05ea \u05e2\u05d9\u05e8\u05d5\u05e0\u05d9\u05ea","description":"","publisher":{"@id":"https:\/\/shalom-law.co.il\/fr\/#organization"},"potentialAction":[{"@type":"SearchAction","target":{"@type":"EntryPoint","urlTemplate":"https:\/\/shalom-law.co.il\/fr\/?s={search_term_string}"},"query-input":{"@type":"PropertyValueSpecification","valueRequired":true,"valueName":"search_term_string"}}],"inLanguage":"fr-FR"},{"@type":"Organization","@id":"https:\/\/shalom-law.co.il\/fr\/#organization","name":"\u05e2\u05d5\u2019\u2019\u05d3 \u05e9\u05d9 \u05e9\u05dc\u05d5\u05dd \u05de\u05d5\u05de\u05d7\u05d4 \u05d1\u05d4\u05ea\u05d7\u05d3\u05e9\u05d5\u05ea \u05e2\u05d9\u05e8\u05d5\u05e0\u05d9\u05ea","url":"https:\/\/shalom-law.co.il\/fr\/","logo":{"@type":"ImageObject","inLanguage":"fr-FR","@id":"https:\/\/shalom-law.co.il\/fr\/#\/schema\/logo\/image\/","url":"https:\/\/shalom-law.co.il\/wp-content\/uploads\/2025\/09\/logo.svg","contentUrl":"https:\/\/shalom-law.co.il\/wp-content\/uploads\/2025\/09\/logo.svg","width":178,"height":60,"caption":"\u05e2\u05d5\u2019\u2019\u05d3 \u05e9\u05d9 \u05e9\u05dc\u05d5\u05dd \u05de\u05d5\u05de\u05d7\u05d4 \u05d1\u05d4\u05ea\u05d7\u05d3\u05e9\u05d5\u05ea \u05e2\u05d9\u05e8\u05d5\u05e0\u05d9\u05ea"},"image":{"@id":"https:\/\/shalom-law.co.il\/fr\/#\/schema\/logo\/image\/"}}]}},"_links":{"self":[{"href":"https:\/\/shalom-law.co.il\/fr\/wp-json\/wp\/v2\/pages\/6576","targetHints":{"allow":["GET"]}}],"collection":[{"href":"https:\/\/shalom-law.co.il\/fr\/wp-json\/wp\/v2\/pages"}],"about":[{"href":"https:\/\/shalom-law.co.il\/fr\/wp-json\/wp\/v2\/types\/page"}],"author":[{"embeddable":true,"href":"https:\/\/shalom-law.co.il\/fr\/wp-json\/wp\/v2\/users\/1"}],"replies":[{"embeddable":true,"href":"https:\/\/shalom-law.co.il\/fr\/wp-json\/wp\/v2\/comments?post=6576"}],"version-history":[{"count":4,"href":"https:\/\/shalom-law.co.il\/fr\/wp-json\/wp\/v2\/pages\/6576\/revisions"}],"predecessor-version":[{"id":6801,"href":"https:\/\/shalom-law.co.il\/fr\/wp-json\/wp\/v2\/pages\/6576\/revisions\/6801"}],"wp:attachment":[{"href":"https:\/\/shalom-law.co.il\/fr\/wp-json\/wp\/v2\/media?parent=6576"}],"curies":[{"name":"wp","href":"https:\/\/api.w.org\/{rel}","templated":true}]}}